{"id":53,"date":"2017-06-14T09:00:42","date_gmt":"2017-06-14T09:00:42","guid":{"rendered":"http:\/\/dummy.xtemos.com\/woodmart\/?post_type=product&#038;p=53"},"modified":"2026-02-09T15:54:04","modified_gmt":"2026-02-09T14:54:04","slug":"augue-adipiscing-euismod","status":"publish","type":"product","link":"https:\/\/www.hybrok.com\/?product=augue-adipiscing-euismod","title":{"rendered":"HYBROK HP24IFL120"},"content":{"rendered":"<div class=\"wpb-content-wrapper\"><p>[vc_row equal_height=\u00a0\u00bbyes\u00a0\u00bb content_placement=\u00a0\u00bbtop\u00a0\u00bb][vc_column css=\u00a0\u00bb.vc_custom_1635941267568{margin-bottom: 35px !important;padding-right: 30px !important;padding-bottom: 30px !important;padding-left: 30px !important;}\u00a0\u00bb offset=\u00a0\u00bbvc_col-lg-4 vc_col-md-4 vc_col-xs-12&Prime; woodmart_css_id=\u00a0\u00bb61827b8e5abdf\u00a0\u00bb parallax_scroll=\u00a0\u00bbno\u00a0\u00bb woodmart_sticky_column=\u00a0\u00bbfalse\u00a0\u00bb wd_collapsible_content_switcher=\u00a0\u00bbno\u00a0\u00bb mobile_bg_img_hidden=\u00a0\u00bbno\u00a0\u00bb tablet_bg_img_hidden=\u00a0\u00bbno\u00a0\u00bb woodmart_parallax=\u00a0\u00bb0&Prime; woodmart_box_shadow=\u00a0\u00bbno\u00a0\u00bb mobile_reset_margin=\u00a0\u00bbno\u00a0\u00bb tablet_reset_margin=\u00a0\u00bbno\u00a0\u00bb wd_z_index=\u00a0\u00bbno\u00a0\u00bb responsive_spacing=\u00a0\u00bbeyJwYXJhbV90eXBlIjoid29vZG1hcnRfcmVzcG9uc2l2ZV9zcGFjaW5nIiwic2VsZWN0b3JfaWQiOiI2MTgyN2I4ZTVhYmRmIiwic2hvcnRjb2RlIjoidmNfY29sdW1uIiwiZGF0YSI6eyJ0YWJsZXQiOnt9LCJtb2JpbGUiOnt9fX0=\u00a0\u00bb]\t\t\t<link rel=\"stylesheet\" id=\"wd-section-title-css\" href=\"https:\/\/www.hybrok.com\/wp-content\/themes\/woodmart\/css\/parts\/el-section-title.min.css?ver=7.5.1\" type=\"text\/css\" media=\"all\" \/> \t\t\t\t\t\t<link rel=\"stylesheet\" id=\"wd-mod-highlighted-text-css\" href=\"https:\/\/www.hybrok.com\/wp-content\/themes\/woodmart\/css\/parts\/mod-highlighted-text.min.css?ver=7.5.1\" type=\"text\/css\" media=\"all\" \/> \t\t\t\n\t\t<div id=\"wd-6989ee105d3b9\" class=\"title-wrapper wd-wpb set-mb-s reset-last-child  wd-rs-6989ee105d3b9 wd-title-color-default wd-title-style-default text-left  wd-underline-colored\">\n\t\t\t\n\t\t\t<div class=\"liner-continer\">\n\t\t\t\t<h4 class=\"woodmart-title-container title  wd-font-weight- wd-fontsize-l\" >HYBROK HP24IFL120<\/h4>\n\t\t\t\t\t\t\t<\/div>\n\t\t\t\n\t\t\t\n\t\t\t\n\t\t<\/div>\n\t\t\n\t\t<div id=\"wd-6989ee3479b01\" class=\" wd-rs-6989ee3479b01 vc_custom_1770647252543 wd-button-wrapper text-left\"><a href=\"https:\/\/www.hybrok.com\/wp-content\/uploads\/2026\/02\/HYBROK-HP24IFL120.pdf\" title=\"\" target=\"_blank\" class=\"btn btn-scheme-light btn-scheme-hover-light btn-style-default btn-style-rectangle btn-size-default\">Fiche Technique<\/a><\/div>[\/vc_column][vc_column width=\u00a0\u00bb1\/2&Prime; offset=\u00a0\u00bbvc_col-lg-4 vc_col-md-4 vc_col-xs-12&Prime; woodmart_css_id=\u00a0\u00bb61827b8294f87&Prime; parallax_scroll=\u00a0\u00bbno\u00a0\u00bb woodmart_sticky_column=\u00a0\u00bbfalse\u00a0\u00bb wd_collapsible_content_switcher=\u00a0\u00bbno\u00a0\u00bb mobile_bg_img_hidden=\u00a0\u00bbno\u00a0\u00bb tablet_bg_img_hidden=\u00a0\u00bbno\u00a0\u00bb woodmart_parallax=\u00a0\u00bb0&Prime; woodmart_box_shadow=\u00a0\u00bbno\u00a0\u00bb mobile_reset_margin=\u00a0\u00bbno\u00a0\u00bb tablet_reset_margin=\u00a0\u00bbno\u00a0\u00bb wd_z_index=\u00a0\u00bbno\u00a0\u00bb responsive_spacing=\u00a0\u00bbeyJwYXJhbV90eXBlIjoid29vZG1hcnRfcmVzcG9uc2l2ZV9zcGFjaW5nIiwic2VsZWN0b3JfaWQiOiI2MTgyN2I4Mjk0Zjg3Iiwic2hvcnRjb2RlIjoidmNfY29sdW1uIiwiZGF0YSI6eyJ0YWJsZXQiOnt9LCJtb2JpbGUiOnt9fX0=\u00a0\u00bb][vc_single_image image=\u00a0\u00bb10058&Prime; img_size=\u00a0\u00bbfull\u00a0\u00bb css=\u00a0\u00bb.vc_custom_1720289554851{margin-bottom: 0px !important;}\u00a0\u00bb woodmart_inline=\u00a0\u00bbno\u00a0\u00bb parallax_scroll=\u00a0\u00bbno\u00a0\u00bb][\/vc_column][vc_column width=\u00a0\u00bb1\/2&Prime; offset=\u00a0\u00bbvc_col-lg-4 vc_col-md-4 vc_col-xs-12&Prime; woodmart_css_id=\u00a0\u00bb61827b9533868&Prime; parallax_scroll=\u00a0\u00bbno\u00a0\u00bb woodmart_sticky_column=\u00a0\u00bbfalse\u00a0\u00bb wd_collapsible_content_switcher=\u00a0\u00bbno\u00a0\u00bb mobile_bg_img_hidden=\u00a0\u00bbno\u00a0\u00bb tablet_bg_img_hidden=\u00a0\u00bbno\u00a0\u00bb woodmart_parallax=\u00a0\u00bb0&Prime; woodmart_box_shadow=\u00a0\u00bbno\u00a0\u00bb mobile_reset_margin=\u00a0\u00bbno\u00a0\u00bb tablet_reset_margin=\u00a0\u00bbno\u00a0\u00bb wd_z_index=\u00a0\u00bbno\u00a0\u00bb responsive_spacing=\u00a0\u00bbeyJwYXJhbV90eXBlIjoid29vZG1hcnRfcmVzcG9uc2l2ZV9zcGFjaW5nIiwic2VsZWN0b3JfaWQiOiI2MTgyN2I5NTMzODY4Iiwic2hvcnRjb2RlIjoidmNfY29sdW1uIiwiZGF0YSI6eyJ0YWJsZXQiOnt9LCJtb2JpbGUiOnt9fX0=\u00a0\u00bb][vc_single_image image=\u00a0\u00bb10599&Prime; img_size=\u00a0\u00bbfull\u00a0\u00bb css=\u00a0\u00bb.vc_custom_1770648394208{margin-bottom: 0px !important;}\u00a0\u00bb woodmart_inline=\u00a0\u00bbno\u00a0\u00bb parallax_scroll=\u00a0\u00bbno\u00a0\u00bb][\/vc_column][\/vc_row]<\/p>\n<\/div>","protected":false},"excerpt":{"rendered":"<div class=\"page\" title=\"Page 3\">\n<div class=\"section\">\n<div class=\"layoutArea\">\n<div class=\"column\">\n<p>Profitez d&rsquo;une exp\u00e9rience visuelle fluide et nette avec le moniteur HYBROK HP24IFL120. Son \u00e9cran IPS 24&Prime; (16\/9) en Full HD (1920&#215;1080) offre des couleurs fid\u00e8les et des angles de vision larges (178\u00b0). Id\u00e9al pour le gaming, le travail ou les multim\u00e9dias, il combine un temps de r\u00e9ponse rapide de 1 ms avec une fr\u00e9quence de rafra\u00eechissement de 120 Hz pour des mouvements nets sans tra\u00een\u00e9es.<\/p>\n<p data-start=\"99\" data-end=\"135\"><strong data-start=\"99\" data-end=\"133\">Caract\u00e9ristiques principales :<\/strong><\/p>\n<ul>\n<li data-start=\"138\" data-end=\"174\"><strong data-start=\"138\" data-end=\"161\">Taille de l\u2019\u00e9cran :<\/strong> 24&Prime; (16:9)<\/li>\n<li data-start=\"177\" data-end=\"202\"><strong data-start=\"177\" data-end=\"196\">Type de dalle :<\/strong> IPS<\/li>\n<li data-start=\"205\" data-end=\"243\"><strong data-start=\"205\" data-end=\"221\">R\u00e9solution :<\/strong> Full HD 1920 x 1080<\/li>\n<li data-start=\"246\" data-end=\"300\"><strong data-start=\"246\" data-end=\"268\">Angles de vision :<\/strong> 178\u00b0 (horizontal et vertical)<\/li>\n<li data-start=\"303\" data-end=\"332\"><strong data-start=\"303\" data-end=\"325\">Temps de r\u00e9ponse :<\/strong> 1 ms<\/li>\n<li data-start=\"335\" data-end=\"379\"><strong data-start=\"335\" data-end=\"370\">Fr\u00e9quence de rafra\u00eechissement :<\/strong> 120 Hz<\/li>\n<li data-start=\"382\" data-end=\"442\"><strong data-start=\"382\" data-end=\"399\">Usage id\u00e9al :<\/strong> Gaming, travail bureautique, multim\u00e9dias<\/li>\n<li data-start=\"445\" data-end=\"521\"><strong data-start=\"445\" data-end=\"466\">Qualit\u00e9 d\u2019image :<\/strong> Couleurs fid\u00e8les et mouvements fluides sans tra\u00een\u00e9es<\/li>\n<\/ul>\n<\/div>\n<\/div>\n<\/div>\n<\/div>\n","protected":false},"featured_media":10599,"template":"","meta":[],"product_brand":[],"product_cat":[33],"product_tag":[],"class_list":{"0":"post-53","1":"product","2":"type-product","3":"status-publish","4":"has-post-thumbnail","6":"product_cat-moniteurs","8":"first","9":"instock","10":"shipping-taxable","11":"product-type-simple"},"yoast_head":"<!-- This site is optimized with the Yoast SEO plugin v27.0 - https:\/\/yoast.com\/product\/yoast-seo-wordpress\/ -->\n<title>HYBROK HP24IFL120 - hybrok<\/title>\n<meta name=\"description\" content=\"Profitez d\u2019une exp\u00e9rience visuelle ultra-fluide avec le moniteur HYBROK HP24IFL120 24&quot; Full HD. Dalle IPS 178\u00b0, 1\u202fms, 120\u202fHz,\" \/>\n<meta name=\"robots\" content=\"index, follow, max-snippet:-1, max-image-preview:large, max-video-preview:-1\" \/>\n<link rel=\"canonical\" href=\"https:\/\/www.hybrok.com\/?product=augue-adipiscing-euismod\" \/>\n<meta property=\"og:locale\" content=\"fr_FR\" \/>\n<meta property=\"og:type\" content=\"article\" \/>\n<meta property=\"og:title\" content=\"HYBROK HP24IFL120 - hybrok\" \/>\n<meta property=\"og:description\" content=\"Profitez d\u2019une exp\u00e9rience visuelle ultra-fluide avec le moniteur HYBROK HP24IFL120 24&quot; Full HD. Dalle IPS 178\u00b0, 1\u202fms, 120\u202fHz,\" \/>\n<meta property=\"og:url\" content=\"https:\/\/www.hybrok.com\/?product=augue-adipiscing-euismod\" \/>\n<meta property=\"og:site_name\" content=\"hybrok\" \/>\n<meta property=\"article:modified_time\" content=\"2026-02-09T14:54:04+00:00\" \/>\n<meta property=\"og:image\" content=\"https:\/\/www.hybrok.com\/wp-content\/uploads\/2017\/06\/HYBROK-HP24IFL120.jpg\" \/>\n\t<meta property=\"og:image:width\" content=\"1024\" \/>\n\t<meta property=\"og:image:height\" content=\"1024\" \/>\n\t<meta property=\"og:image:type\" content=\"image\/jpeg\" \/>\n<meta name=\"twitter:card\" content=\"summary_large_image\" \/>\n<meta name=\"twitter:label1\" content=\"Dur\u00e9e de lecture estim\u00e9e\" \/>\n\t<meta name=\"twitter:data1\" content=\"1 minute\" \/>\n<script type=\"application\/ld+json\" class=\"yoast-schema-graph\">{\"@context\":\"https:\/\/schema.org\",\"@graph\":[{\"@type\":\"WebPage\",\"@id\":\"https:\/\/www.hybrok.com\/?product=augue-adipiscing-euismod\",\"url\":\"https:\/\/www.hybrok.com\/?product=augue-adipiscing-euismod\",\"name\":\"HYBROK HP24IFL120 - hybrok\",\"isPartOf\":{\"@id\":\"https:\/\/www.hybrok.com\/#website\"},\"primaryImageOfPage\":{\"@id\":\"https:\/\/www.hybrok.com\/?product=augue-adipiscing-euismod#primaryimage\"},\"image\":{\"@id\":\"https:\/\/www.hybrok.com\/?product=augue-adipiscing-euismod#primaryimage\"},\"thumbnailUrl\":\"https:\/\/www.hybrok.com\/wp-content\/uploads\/2017\/06\/HYBROK-HP24IFL120.jpg\",\"datePublished\":\"2017-06-14T09:00:42+00:00\",\"dateModified\":\"2026-02-09T14:54:04+00:00\",\"description\":\"Profitez d\u2019une exp\u00e9rience visuelle ultra-fluide avec le moniteur HYBROK HP24IFL120 24\\\" Full HD. Dalle IPS 178\u00b0, 1\u202fms, 120\u202fHz,\",\"breadcrumb\":{\"@id\":\"https:\/\/www.hybrok.com\/?product=augue-adipiscing-euismod#breadcrumb\"},\"inLanguage\":\"fr-FR\",\"potentialAction\":[{\"@type\":\"ReadAction\",\"target\":[\"https:\/\/www.hybrok.com\/?product=augue-adipiscing-euismod\"]}]},{\"@type\":\"ImageObject\",\"inLanguage\":\"fr-FR\",\"@id\":\"https:\/\/www.hybrok.com\/?product=augue-adipiscing-euismod#primaryimage\",\"url\":\"https:\/\/www.hybrok.com\/wp-content\/uploads\/2017\/06\/HYBROK-HP24IFL120.jpg\",\"contentUrl\":\"https:\/\/www.hybrok.com\/wp-content\/uploads\/2017\/06\/HYBROK-HP24IFL120.jpg\",\"width\":1024,\"height\":1024},{\"@type\":\"BreadcrumbList\",\"@id\":\"https:\/\/www.hybrok.com\/?product=augue-adipiscing-euismod#breadcrumb\",\"itemListElement\":[{\"@type\":\"ListItem\",\"position\":1,\"name\":\"Accueil\",\"item\":\"https:\/\/www.hybrok.com\/\"},{\"@type\":\"ListItem\",\"position\":2,\"name\":\"Produits\",\"item\":\"https:\/\/www.hybrok.com\/index.php\/shop\/\"},{\"@type\":\"ListItem\",\"position\":3,\"name\":\"HYBROK HP24IFL120\"}]},{\"@type\":\"WebSite\",\"@id\":\"https:\/\/www.hybrok.com\/#website\",\"url\":\"https:\/\/www.hybrok.com\/\",\"name\":\"hybrok\",\"description\":\"D\u00e9cha\u00eene le pouvoir du jeu\",\"publisher\":{\"@id\":\"https:\/\/www.hybrok.com\/#organization\"},\"potentialAction\":[{\"@type\":\"SearchAction\",\"target\":{\"@type\":\"EntryPoint\",\"urlTemplate\":\"https:\/\/www.hybrok.com\/?s={search_term_string}\"},\"query-input\":{\"@type\":\"PropertyValueSpecification\",\"valueRequired\":true,\"valueName\":\"search_term_string\"}}],\"inLanguage\":\"fr-FR\"},{\"@type\":\"Organization\",\"@id\":\"https:\/\/www.hybrok.com\/#organization\",\"name\":\"hybrok\",\"url\":\"https:\/\/www.hybrok.com\/\",\"logo\":{\"@type\":\"ImageObject\",\"inLanguage\":\"fr-FR\",\"@id\":\"https:\/\/www.hybrok.com\/#\/schema\/logo\/image\/\",\"url\":\"https:\/\/www.hybrok.com\/wp-content\/uploads\/2024\/07\/HYBROK-1.jpg\",\"contentUrl\":\"https:\/\/www.hybrok.com\/wp-content\/uploads\/2024\/07\/HYBROK-1.jpg\",\"width\":1200,\"height\":800,\"caption\":\"hybrok\"},\"image\":{\"@id\":\"https:\/\/www.hybrok.com\/#\/schema\/logo\/image\/\"}}]}<\/script>\n<!-- \/ Yoast SEO plugin. -->","yoast_head_json":{"title":"HYBROK HP24IFL120 - hybrok","description":"Profitez d\u2019une exp\u00e9rience visuelle ultra-fluide avec le moniteur HYBROK HP24IFL120 24\" Full HD. Dalle IPS 178\u00b0, 1\u202fms, 120\u202fHz,","robots":{"index":"index","follow":"follow","max-snippet":"max-snippet:-1","max-image-preview":"max-image-preview:large","max-video-preview":"max-video-preview:-1"},"canonical":"https:\/\/www.hybrok.com\/?product=augue-adipiscing-euismod","og_locale":"fr_FR","og_type":"article","og_title":"HYBROK HP24IFL120 - hybrok","og_description":"Profitez d\u2019une exp\u00e9rience visuelle ultra-fluide avec le moniteur HYBROK HP24IFL120 24\" Full HD. Dalle IPS 178\u00b0, 1\u202fms, 120\u202fHz,","og_url":"https:\/\/www.hybrok.com\/?product=augue-adipiscing-euismod","og_site_name":"hybrok","article_modified_time":"2026-02-09T14:54:04+00:00","og_image":[{"width":1024,"height":1024,"url":"https:\/\/www.hybrok.com\/wp-content\/uploads\/2017\/06\/HYBROK-HP24IFL120.jpg","type":"image\/jpeg"}],"twitter_card":"summary_large_image","twitter_misc":{"Dur\u00e9e de lecture estim\u00e9e":"1 minute"},"schema":{"@context":"https:\/\/schema.org","@graph":[{"@type":"WebPage","@id":"https:\/\/www.hybrok.com\/?product=augue-adipiscing-euismod","url":"https:\/\/www.hybrok.com\/?product=augue-adipiscing-euismod","name":"HYBROK HP24IFL120 - hybrok","isPartOf":{"@id":"https:\/\/www.hybrok.com\/#website"},"primaryImageOfPage":{"@id":"https:\/\/www.hybrok.com\/?product=augue-adipiscing-euismod#primaryimage"},"image":{"@id":"https:\/\/www.hybrok.com\/?product=augue-adipiscing-euismod#primaryimage"},"thumbnailUrl":"https:\/\/www.hybrok.com\/wp-content\/uploads\/2017\/06\/HYBROK-HP24IFL120.jpg","datePublished":"2017-06-14T09:00:42+00:00","dateModified":"2026-02-09T14:54:04+00:00","description":"Profitez d\u2019une exp\u00e9rience visuelle ultra-fluide avec le moniteur HYBROK HP24IFL120 24\" Full HD. Dalle IPS 178\u00b0, 1\u202fms, 120\u202fHz,","breadcrumb":{"@id":"https:\/\/www.hybrok.com\/?product=augue-adipiscing-euismod#breadcrumb"},"inLanguage":"fr-FR","potentialAction":[{"@type":"ReadAction","target":["https:\/\/www.hybrok.com\/?product=augue-adipiscing-euismod"]}]},{"@type":"ImageObject","inLanguage":"fr-FR","@id":"https:\/\/www.hybrok.com\/?product=augue-adipiscing-euismod#primaryimage","url":"https:\/\/www.hybrok.com\/wp-content\/uploads\/2017\/06\/HYBROK-HP24IFL120.jpg","contentUrl":"https:\/\/www.hybrok.com\/wp-content\/uploads\/2017\/06\/HYBROK-HP24IFL120.jpg","width":1024,"height":1024},{"@type":"BreadcrumbList","@id":"https:\/\/www.hybrok.com\/?product=augue-adipiscing-euismod#breadcrumb","itemListElement":[{"@type":"ListItem","position":1,"name":"Accueil","item":"https:\/\/www.hybrok.com\/"},{"@type":"ListItem","position":2,"name":"Produits","item":"https:\/\/www.hybrok.com\/index.php\/shop\/"},{"@type":"ListItem","position":3,"name":"HYBROK HP24IFL120"}]},{"@type":"WebSite","@id":"https:\/\/www.hybrok.com\/#website","url":"https:\/\/www.hybrok.com\/","name":"hybrok","description":"D\u00e9cha\u00eene le pouvoir du jeu","publisher":{"@id":"https:\/\/www.hybrok.com\/#organization"},"potentialAction":[{"@type":"SearchAction","target":{"@type":"EntryPoint","urlTemplate":"https:\/\/www.hybrok.com\/?s={search_term_string}"},"query-input":{"@type":"PropertyValueSpecification","valueRequired":true,"valueName":"search_term_string"}}],"inLanguage":"fr-FR"},{"@type":"Organization","@id":"https:\/\/www.hybrok.com\/#organization","name":"hybrok","url":"https:\/\/www.hybrok.com\/","logo":{"@type":"ImageObject","inLanguage":"fr-FR","@id":"https:\/\/www.hybrok.com\/#\/schema\/logo\/image\/","url":"https:\/\/www.hybrok.com\/wp-content\/uploads\/2024\/07\/HYBROK-1.jpg","contentUrl":"https:\/\/www.hybrok.com\/wp-content\/uploads\/2024\/07\/HYBROK-1.jpg","width":1200,"height":800,"caption":"hybrok"},"image":{"@id":"https:\/\/www.hybrok.com\/#\/schema\/logo\/image\/"}}]}},"jetpack_sharing_enabled":true,"_links":{"self":[{"href":"https:\/\/www.hybrok.com\/index.php?rest_route=\/wp\/v2\/product\/53","targetHints":{"allow":["GET"]}}],"collection":[{"href":"https:\/\/www.hybrok.com\/index.php?rest_route=\/wp\/v2\/product"}],"about":[{"href":"https:\/\/www.hybrok.com\/index.php?rest_route=\/wp\/v2\/types\/product"}],"wp:featuredmedia":[{"embeddable":true,"href":"https:\/\/www.hybrok.com\/index.php?rest_route=\/wp\/v2\/media\/10599"}],"wp:attachment":[{"href":"https:\/\/www.hybrok.com\/index.php?rest_route=%2Fwp%2Fv2%2Fmedia&parent=53"}],"wp:term":[{"taxonomy":"product_brand","embeddable":true,"href":"https:\/\/www.hybrok.com\/index.php?rest_route=%2Fwp%2Fv2%2Fproduct_brand&post=53"},{"taxonomy":"product_cat","embeddable":true,"href":"https:\/\/www.hybrok.com\/index.php?rest_route=%2Fwp%2Fv2%2Fproduct_cat&post=53"},{"taxonomy":"product_tag","embeddable":true,"href":"https:\/\/www.hybrok.com\/index.php?rest_route=%2Fwp%2Fv2%2Fproduct_tag&post=53"}],"curies":[{"name":"wp","href":"https:\/\/api.w.org\/{rel}","templated":true}]}}