{"id":10688,"date":"2026-03-11T11:41:34","date_gmt":"2026-03-11T11:41:34","guid":{"rendered":"https:\/\/www.hybrok.com\/?post_type=product&#038;p=10688"},"modified":"2026-03-11T13:56:50","modified_gmt":"2026-03-11T13:56:50","slug":"hybrok-hg24ifl240","status":"publish","type":"product","link":"https:\/\/www.hybrok.com\/?product=hybrok-hg24ifl240","title":{"rendered":"HYBROK HG24IFL240"},"content":{"rendered":"<div class=\"wpb-content-wrapper\"><p>[vc_row equal_height=\u00a0\u00bbyes\u00a0\u00bb content_placement=\u00a0\u00bbtop\u00a0\u00bb][vc_column css=\u00a0\u00bb.vc_custom_1635941267568{margin-bottom: 35px !important;padding-right: 30px !important;padding-bottom: 30px !important;padding-left: 30px !important;}\u00a0\u00bb offset=\u00a0\u00bbvc_col-lg-4 vc_col-md-4 vc_col-xs-12&Prime; woodmart_css_id=\u00a0\u00bb61827b8e5abdf\u00a0\u00bb parallax_scroll=\u00a0\u00bbno\u00a0\u00bb woodmart_sticky_column=\u00a0\u00bbfalse\u00a0\u00bb wd_collapsible_content_switcher=\u00a0\u00bbno\u00a0\u00bb mobile_bg_img_hidden=\u00a0\u00bbno\u00a0\u00bb tablet_bg_img_hidden=\u00a0\u00bbno\u00a0\u00bb woodmart_parallax=\u00a0\u00bb0&Prime; woodmart_box_shadow=\u00a0\u00bbno\u00a0\u00bb mobile_reset_margin=\u00a0\u00bbno\u00a0\u00bb tablet_reset_margin=\u00a0\u00bbno\u00a0\u00bb wd_z_index=\u00a0\u00bbno\u00a0\u00bb responsive_spacing=\u00a0\u00bbeyJwYXJhbV90eXBlIjoid29vZG1hcnRfcmVzcG9uc2l2ZV9zcGFjaW5nIiwic2VsZWN0b3JfaWQiOiI2MTgyN2I4ZTVhYmRmIiwic2hvcnRjb2RlIjoidmNfY29sdW1uIiwiZGF0YSI6eyJ0YWJsZXQiOnt9LCJtb2JpbGUiOnt9fX0=\u00a0\u00bb]\t\t\t<link rel=\"stylesheet\" id=\"wd-section-title-css\" href=\"https:\/\/www.hybrok.com\/wp-content\/themes\/woodmart\/css\/parts\/el-section-title.min.css?ver=7.5.1\" type=\"text\/css\" media=\"all\" \/> \t\t\t\t\t\t<link rel=\"stylesheet\" id=\"wd-mod-highlighted-text-css\" href=\"https:\/\/www.hybrok.com\/wp-content\/themes\/woodmart\/css\/parts\/mod-highlighted-text.min.css?ver=7.5.1\" type=\"text\/css\" media=\"all\" \/> \t\t\t\n\t\t<div id=\"wd-69b155400191b\" class=\"title-wrapper wd-wpb set-mb-s reset-last-child  wd-rs-69b155400191b wd-title-color-default wd-title-style-default text-left  wd-underline-colored\">\n\t\t\t\n\t\t\t<div class=\"liner-continer\">\n\t\t\t\t<h4 class=\"woodmart-title-container title  wd-font-weight- wd-fontsize-l\" >HYBROK HG24IFL240<\/h4>\n\t\t\t\t\t\t\t<\/div>\n\t\t\t\n\t\t\t\n\t\t\t\n\t\t<\/div>\n\t\t\n\t\t<div id=\"wd-69b1553681d41\" class=\" wd-rs-69b1553681d41 vc_custom_1773229555380 wd-button-wrapper text-left\"><a href=\"https:\/\/www.hybrok.com\/wp-content\/uploads\/2026\/02\/HYBROK-HG24IFL240.pdf\" title=\"\" target=\"_blank\" class=\"btn btn-scheme-light btn-scheme-hover-light btn-style-default btn-style-rectangle btn-size-default\">Fiche Technique<\/a><\/div>[\/vc_column][vc_column width=\u00a0\u00bb1\/2&Prime; offset=\u00a0\u00bbvc_col-lg-4 vc_col-md-4 vc_col-xs-12&Prime; woodmart_css_id=\u00a0\u00bb61827b8294f87&Prime; parallax_scroll=\u00a0\u00bbno\u00a0\u00bb woodmart_sticky_column=\u00a0\u00bbfalse\u00a0\u00bb wd_collapsible_content_switcher=\u00a0\u00bbno\u00a0\u00bb mobile_bg_img_hidden=\u00a0\u00bbno\u00a0\u00bb tablet_bg_img_hidden=\u00a0\u00bbno\u00a0\u00bb woodmart_parallax=\u00a0\u00bb0&Prime; woodmart_box_shadow=\u00a0\u00bbno\u00a0\u00bb mobile_reset_margin=\u00a0\u00bbno\u00a0\u00bb tablet_reset_margin=\u00a0\u00bbno\u00a0\u00bb wd_z_index=\u00a0\u00bbno\u00a0\u00bb responsive_spacing=\u00a0\u00bbeyJwYXJhbV90eXBlIjoid29vZG1hcnRfcmVzcG9uc2l2ZV9zcGFjaW5nIiwic2VsZWN0b3JfaWQiOiI2MTgyN2I4Mjk0Zjg3Iiwic2hvcnRjb2RlIjoidmNfY29sdW1uIiwiZGF0YSI6eyJ0YWJsZXQiOnt9LCJtb2JpbGUiOnt9fX0=\u00a0\u00bb][vc_single_image image=\u00a0\u00bb10689&Prime; img_size=\u00a0\u00bbfull\u00a0\u00bb css=\u00a0\u00bb.vc_custom_1773230113327{margin-bottom: 0px !important;}\u00a0\u00bb woodmart_inline=\u00a0\u00bbno\u00a0\u00bb parallax_scroll=\u00a0\u00bbno\u00a0\u00bb][\/vc_column][vc_column width=\u00a0\u00bb1\/2&Prime; offset=\u00a0\u00bbvc_col-lg-4 vc_col-md-4 vc_col-xs-12&Prime; woodmart_css_id=\u00a0\u00bb61827b9533868&Prime; parallax_scroll=\u00a0\u00bbno\u00a0\u00bb woodmart_sticky_column=\u00a0\u00bbfalse\u00a0\u00bb wd_collapsible_content_switcher=\u00a0\u00bbno\u00a0\u00bb mobile_bg_img_hidden=\u00a0\u00bbno\u00a0\u00bb tablet_bg_img_hidden=\u00a0\u00bbno\u00a0\u00bb woodmart_parallax=\u00a0\u00bb0&Prime; woodmart_box_shadow=\u00a0\u00bbno\u00a0\u00bb mobile_reset_margin=\u00a0\u00bbno\u00a0\u00bb tablet_reset_margin=\u00a0\u00bbno\u00a0\u00bb wd_z_index=\u00a0\u00bbno\u00a0\u00bb responsive_spacing=\u00a0\u00bbeyJwYXJhbV90eXBlIjoid29vZG1hcnRfcmVzcG9uc2l2ZV9zcGFjaW5nIiwic2VsZWN0b3JfaWQiOiI2MTgyN2I5NTMzODY4Iiwic2hvcnRjb2RlIjoidmNfY29sdW1uIiwiZGF0YSI6eyJ0YWJsZXQiOnt9LCJtb2JpbGUiOnt9fX0=\u00a0\u00bb][vc_single_image image=\u00a0\u00bb10690&Prime; img_size=\u00a0\u00bbfull\u00a0\u00bb css=\u00a0\u00bb.vc_custom_1773230122282{margin-bottom: 0px !important;}\u00a0\u00bb woodmart_inline=\u00a0\u00bbno\u00a0\u00bb parallax_scroll=\u00a0\u00bbno\u00a0\u00bb][\/vc_column][\/vc_row]<\/p>\n<\/div>","protected":false},"excerpt":{"rendered":"<div class=\"page\" title=\"Page 3\">\n<div class=\"section\">\n<div class=\"layoutArea\">\n<div class=\"column\">\n<div class=\"page\" title=\"Page 3\">\n<div class=\"section\">\n<div class=\"layoutArea\">\n<div class=\"column\">\n<div class=\"page\" title=\"Page 3\">\n<div class=\"section\">\n<div class=\"layoutArea\">\n<div class=\"column\">\n<div class=\"page\" title=\"Page 3\">\n<div class=\"section\">\n<div class=\"layoutArea\">\n<div class=\"column\">\n<div class=\"page\" title=\"Page 4\">\n<div class=\"section\">\n<div class=\"layoutArea\">\n<div class=\"column\">\n<p data-start=\"166\" data-end=\"448\">Le <strong data-start=\"169\" data-end=\"190\">HYBROK HG24IFL240<\/strong> est un \u00e9cran gaming con\u00e7u pour offrir <strong data-start=\"229\" data-end=\"270\">fluidit\u00e9, pr\u00e9cision et confort visuel<\/strong>. Gr\u00e2ce \u00e0 sa <strong data-start=\"283\" data-end=\"305\">fr\u00e9quence de 240Hz<\/strong> et son <strong data-start=\"313\" data-end=\"354\">temps de r\u00e9ponse ultra-rapide de 1 ms<\/strong>, il garantit une exp\u00e9rience de jeu immersive et r\u00e9active, id\u00e9ale pour les gamers comp\u00e9titifs.<\/p>\n<p data-start=\"166\" data-end=\"448\">Dot\u00e9 d\u2019une <strong data-start=\"461\" data-end=\"498\">dalle IPS de 24 pouces en Full HD<\/strong>, ce moniteur offre des <strong data-start=\"522\" data-end=\"543\">couleurs pr\u00e9cises<\/strong>, des <strong data-start=\"549\" data-end=\"584\">angles de vision larges de 178\u00b0<\/strong> et une excellente qualit\u00e9 d\u2019image pour le gaming, le streaming ou le travail.<\/p>\n<h3 data-section-id=\"u3csm9\" data-start=\"1104\" data-end=\"1135\">Caract\u00e9ristiques techniques<\/h3>\n<ul>\n<li data-start=\"1153\" data-end=\"1173\">Taille : 24 pouces<\/li>\n<li data-start=\"1176\" data-end=\"1191\">Format : 16:9<\/li>\n<li data-start=\"1194\" data-end=\"1215\">Type de dalle : IPS<\/li>\n<li data-start=\"1218\" data-end=\"1254\">R\u00e9solution : Full HD (1920 \u00d7 1080)<\/li>\n<li data-start=\"1257\" data-end=\"1281\">Luminosit\u00e9 : 300 cd\/m\u00b2<\/li>\n<li data-start=\"1284\" data-end=\"1304\">Contraste : 1000:1<\/li>\n<li data-start=\"1307\" data-end=\"1332\">Temps de r\u00e9ponse : 1 ms<\/li>\n<li data-start=\"1335\" data-end=\"1387\">Angles de vision : 178\u00b0 horizontal \/ 178\u00b0 vertical<\/li>\n<li data-start=\"1390\" data-end=\"1419\">Fr\u00e9quence : jusqu\u2019\u00e0 <strong data-start=\"1410\" data-end=\"1419\">240Hz<\/strong><\/li>\n<\/ul>\n<\/div>\n<\/div>\n<\/div>\n<\/div>\n<\/div>\n<\/div>\n<\/div>\n<\/div>\n<\/div>\n<\/div>\n<\/div>\n<\/div>\n<\/div>\n<\/div>\n<\/div>\n<\/div>\n<\/div>\n<\/div>\n<\/div>\n<\/div>\n","protected":false},"featured_media":10690,"template":"","meta":[],"product_brand":[],"product_cat":[33],"product_tag":[],"class_list":{"0":"post-10688","1":"product","2":"type-product","3":"status-publish","4":"has-post-thumbnail","6":"product_cat-moniteurs","8":"first","9":"instock","10":"shipping-taxable","11":"product-type-simple"},"yoast_head":"<!-- This site is optimized with the Yoast SEO plugin v27.0 - https:\/\/yoast.com\/product\/yoast-seo-wordpress\/ -->\n<title>HYBROK HG24IFL240 - hybrok<\/title>\n<meta name=\"robots\" content=\"index, follow, max-snippet:-1, max-image-preview:large, max-video-preview:-1\" \/>\n<link rel=\"canonical\" href=\"https:\/\/www.hybrok.com\/?product=hybrok-hg24ifl240\" \/>\n<meta property=\"og:locale\" content=\"fr_FR\" \/>\n<meta property=\"og:type\" content=\"article\" \/>\n<meta property=\"og:title\" content=\"HYBROK HG24IFL240 - hybrok\" \/>\n<meta property=\"og:description\" content=\"Le HYBROK HG24IFL240 est un \u00e9cran gaming con\u00e7u pour offrir fluidit\u00e9, pr\u00e9cision et confort visuel. Gr\u00e2ce \u00e0 sa fr\u00e9quence de 240Hz et son temps de r\u00e9ponse ultra-rapide de 1 ms, il garantit une exp\u00e9rience de jeu immersive et r\u00e9active, id\u00e9ale pour les gamers comp\u00e9titifs. Dot\u00e9 d\u2019une dalle IPS de 24 pouces en Full HD, ce moniteur offre des couleurs pr\u00e9cises, des angles de vision larges de 178\u00b0 et une excellente qualit\u00e9 d\u2019image pour le gaming, le streaming ou le travail.  Caract\u00e9ristiques techniques   Taille : 24 pouces  Format : 16:9  Type de dalle : IPS  R\u00e9solution : Full HD (1920 \u00d7 1080)  Luminosit\u00e9 : 300 cd\/m\u00b2  Contraste : 1000:1  Temps de r\u00e9ponse : 1 ms  Angles de vision : 178\u00b0 horizontal \/ 178\u00b0 vertical  Fr\u00e9quence : jusqu\u2019\u00e0 240Hz\" \/>\n<meta property=\"og:url\" content=\"https:\/\/www.hybrok.com\/?product=hybrok-hg24ifl240\" \/>\n<meta property=\"og:site_name\" content=\"hybrok\" \/>\n<meta property=\"article:modified_time\" content=\"2026-03-11T13:56:50+00:00\" \/>\n<meta property=\"og:image\" content=\"https:\/\/www.hybrok.com\/wp-content\/uploads\/2026\/03\/HG24IFL240.jpg\" \/>\n\t<meta property=\"og:image:width\" content=\"1024\" \/>\n\t<meta property=\"og:image:height\" content=\"1024\" \/>\n\t<meta property=\"og:image:type\" content=\"image\/jpeg\" \/>\n<meta name=\"twitter:card\" content=\"summary_large_image\" \/>\n<meta name=\"twitter:label1\" content=\"Dur\u00e9e de lecture estim\u00e9e\" \/>\n\t<meta name=\"twitter:data1\" content=\"2 minutes\" \/>\n<script type=\"application\/ld+json\" class=\"yoast-schema-graph\">{\"@context\":\"https:\/\/schema.org\",\"@graph\":[{\"@type\":\"WebPage\",\"@id\":\"https:\/\/www.hybrok.com\/?product=hybrok-hg24ifl240\",\"url\":\"https:\/\/www.hybrok.com\/?product=hybrok-hg24ifl240\",\"name\":\"HYBROK HG24IFL240 - hybrok\",\"isPartOf\":{\"@id\":\"https:\/\/www.hybrok.com\/#website\"},\"primaryImageOfPage\":{\"@id\":\"https:\/\/www.hybrok.com\/?product=hybrok-hg24ifl240#primaryimage\"},\"image\":{\"@id\":\"https:\/\/www.hybrok.com\/?product=hybrok-hg24ifl240#primaryimage\"},\"thumbnailUrl\":\"https:\/\/www.hybrok.com\/wp-content\/uploads\/2026\/03\/HG24IFL240.jpg\",\"datePublished\":\"2026-03-11T11:41:34+00:00\",\"dateModified\":\"2026-03-11T13:56:50+00:00\",\"breadcrumb\":{\"@id\":\"https:\/\/www.hybrok.com\/?product=hybrok-hg24ifl240#breadcrumb\"},\"inLanguage\":\"fr-FR\",\"potentialAction\":[{\"@type\":\"ReadAction\",\"target\":[\"https:\/\/www.hybrok.com\/?product=hybrok-hg24ifl240\"]}]},{\"@type\":\"ImageObject\",\"inLanguage\":\"fr-FR\",\"@id\":\"https:\/\/www.hybrok.com\/?product=hybrok-hg24ifl240#primaryimage\",\"url\":\"https:\/\/www.hybrok.com\/wp-content\/uploads\/2026\/03\/HG24IFL240.jpg\",\"contentUrl\":\"https:\/\/www.hybrok.com\/wp-content\/uploads\/2026\/03\/HG24IFL240.jpg\",\"width\":1024,\"height\":1024},{\"@type\":\"BreadcrumbList\",\"@id\":\"https:\/\/www.hybrok.com\/?product=hybrok-hg24ifl240#breadcrumb\",\"itemListElement\":[{\"@type\":\"ListItem\",\"position\":1,\"name\":\"Accueil\",\"item\":\"https:\/\/www.hybrok.com\/\"},{\"@type\":\"ListItem\",\"position\":2,\"name\":\"Produits\",\"item\":\"https:\/\/www.hybrok.com\/index.php\/shop\/\"},{\"@type\":\"ListItem\",\"position\":3,\"name\":\"HYBROK HG24IFL240\"}]},{\"@type\":\"WebSite\",\"@id\":\"https:\/\/www.hybrok.com\/#website\",\"url\":\"https:\/\/www.hybrok.com\/\",\"name\":\"hybrok\",\"description\":\"D\u00e9cha\u00eene le pouvoir du jeu\",\"publisher\":{\"@id\":\"https:\/\/www.hybrok.com\/#organization\"},\"potentialAction\":[{\"@type\":\"SearchAction\",\"target\":{\"@type\":\"EntryPoint\",\"urlTemplate\":\"https:\/\/www.hybrok.com\/?s={search_term_string}\"},\"query-input\":{\"@type\":\"PropertyValueSpecification\",\"valueRequired\":true,\"valueName\":\"search_term_string\"}}],\"inLanguage\":\"fr-FR\"},{\"@type\":\"Organization\",\"@id\":\"https:\/\/www.hybrok.com\/#organization\",\"name\":\"hybrok\",\"url\":\"https:\/\/www.hybrok.com\/\",\"logo\":{\"@type\":\"ImageObject\",\"inLanguage\":\"fr-FR\",\"@id\":\"https:\/\/www.hybrok.com\/#\/schema\/logo\/image\/\",\"url\":\"https:\/\/www.hybrok.com\/wp-content\/uploads\/2024\/07\/HYBROK-1.jpg\",\"contentUrl\":\"https:\/\/www.hybrok.com\/wp-content\/uploads\/2024\/07\/HYBROK-1.jpg\",\"width\":1200,\"height\":800,\"caption\":\"hybrok\"},\"image\":{\"@id\":\"https:\/\/www.hybrok.com\/#\/schema\/logo\/image\/\"}}]}<\/script>\n<!-- \/ Yoast SEO plugin. -->","yoast_head_json":{"title":"HYBROK HG24IFL240 - hybrok","robots":{"index":"index","follow":"follow","max-snippet":"max-snippet:-1","max-image-preview":"max-image-preview:large","max-video-preview":"max-video-preview:-1"},"canonical":"https:\/\/www.hybrok.com\/?product=hybrok-hg24ifl240","og_locale":"fr_FR","og_type":"article","og_title":"HYBROK HG24IFL240 - hybrok","og_description":"Le HYBROK HG24IFL240 est un \u00e9cran gaming con\u00e7u pour offrir fluidit\u00e9, pr\u00e9cision et confort visuel. Gr\u00e2ce \u00e0 sa fr\u00e9quence de 240Hz et son temps de r\u00e9ponse ultra-rapide de 1 ms, il garantit une exp\u00e9rience de jeu immersive et r\u00e9active, id\u00e9ale pour les gamers comp\u00e9titifs. Dot\u00e9 d\u2019une dalle IPS de 24 pouces en Full HD, ce moniteur offre des couleurs pr\u00e9cises, des angles de vision larges de 178\u00b0 et une excellente qualit\u00e9 d\u2019image pour le gaming, le streaming ou le travail.  Caract\u00e9ristiques techniques   Taille : 24 pouces  Format : 16:9  Type de dalle : IPS  R\u00e9solution : Full HD (1920 \u00d7 1080)  Luminosit\u00e9 : 300 cd\/m\u00b2  Contraste : 1000:1  Temps de r\u00e9ponse : 1 ms  Angles de vision : 178\u00b0 horizontal \/ 178\u00b0 vertical  Fr\u00e9quence : jusqu\u2019\u00e0 240Hz","og_url":"https:\/\/www.hybrok.com\/?product=hybrok-hg24ifl240","og_site_name":"hybrok","article_modified_time":"2026-03-11T13:56:50+00:00","og_image":[{"width":1024,"height":1024,"url":"https:\/\/www.hybrok.com\/wp-content\/uploads\/2026\/03\/HG24IFL240.jpg","type":"image\/jpeg"}],"twitter_card":"summary_large_image","twitter_misc":{"Dur\u00e9e de lecture estim\u00e9e":"2 minutes"},"schema":{"@context":"https:\/\/schema.org","@graph":[{"@type":"WebPage","@id":"https:\/\/www.hybrok.com\/?product=hybrok-hg24ifl240","url":"https:\/\/www.hybrok.com\/?product=hybrok-hg24ifl240","name":"HYBROK HG24IFL240 - hybrok","isPartOf":{"@id":"https:\/\/www.hybrok.com\/#website"},"primaryImageOfPage":{"@id":"https:\/\/www.hybrok.com\/?product=hybrok-hg24ifl240#primaryimage"},"image":{"@id":"https:\/\/www.hybrok.com\/?product=hybrok-hg24ifl240#primaryimage"},"thumbnailUrl":"https:\/\/www.hybrok.com\/wp-content\/uploads\/2026\/03\/HG24IFL240.jpg","datePublished":"2026-03-11T11:41:34+00:00","dateModified":"2026-03-11T13:56:50+00:00","breadcrumb":{"@id":"https:\/\/www.hybrok.com\/?product=hybrok-hg24ifl240#breadcrumb"},"inLanguage":"fr-FR","potentialAction":[{"@type":"ReadAction","target":["https:\/\/www.hybrok.com\/?product=hybrok-hg24ifl240"]}]},{"@type":"ImageObject","inLanguage":"fr-FR","@id":"https:\/\/www.hybrok.com\/?product=hybrok-hg24ifl240#primaryimage","url":"https:\/\/www.hybrok.com\/wp-content\/uploads\/2026\/03\/HG24IFL240.jpg","contentUrl":"https:\/\/www.hybrok.com\/wp-content\/uploads\/2026\/03\/HG24IFL240.jpg","width":1024,"height":1024},{"@type":"BreadcrumbList","@id":"https:\/\/www.hybrok.com\/?product=hybrok-hg24ifl240#breadcrumb","itemListElement":[{"@type":"ListItem","position":1,"name":"Accueil","item":"https:\/\/www.hybrok.com\/"},{"@type":"ListItem","position":2,"name":"Produits","item":"https:\/\/www.hybrok.com\/index.php\/shop\/"},{"@type":"ListItem","position":3,"name":"HYBROK HG24IFL240"}]},{"@type":"WebSite","@id":"https:\/\/www.hybrok.com\/#website","url":"https:\/\/www.hybrok.com\/","name":"hybrok","description":"D\u00e9cha\u00eene le pouvoir du jeu","publisher":{"@id":"https:\/\/www.hybrok.com\/#organization"},"potentialAction":[{"@type":"SearchAction","target":{"@type":"EntryPoint","urlTemplate":"https:\/\/www.hybrok.com\/?s={search_term_string}"},"query-input":{"@type":"PropertyValueSpecification","valueRequired":true,"valueName":"search_term_string"}}],"inLanguage":"fr-FR"},{"@type":"Organization","@id":"https:\/\/www.hybrok.com\/#organization","name":"hybrok","url":"https:\/\/www.hybrok.com\/","logo":{"@type":"ImageObject","inLanguage":"fr-FR","@id":"https:\/\/www.hybrok.com\/#\/schema\/logo\/image\/","url":"https:\/\/www.hybrok.com\/wp-content\/uploads\/2024\/07\/HYBROK-1.jpg","contentUrl":"https:\/\/www.hybrok.com\/wp-content\/uploads\/2024\/07\/HYBROK-1.jpg","width":1200,"height":800,"caption":"hybrok"},"image":{"@id":"https:\/\/www.hybrok.com\/#\/schema\/logo\/image\/"}}]}},"jetpack_sharing_enabled":true,"_links":{"self":[{"href":"https:\/\/www.hybrok.com\/index.php?rest_route=\/wp\/v2\/product\/10688","targetHints":{"allow":["GET"]}}],"collection":[{"href":"https:\/\/www.hybrok.com\/index.php?rest_route=\/wp\/v2\/product"}],"about":[{"href":"https:\/\/www.hybrok.com\/index.php?rest_route=\/wp\/v2\/types\/product"}],"wp:featuredmedia":[{"embeddable":true,"href":"https:\/\/www.hybrok.com\/index.php?rest_route=\/wp\/v2\/media\/10690"}],"wp:attachment":[{"href":"https:\/\/www.hybrok.com\/index.php?rest_route=%2Fwp%2Fv2%2Fmedia&parent=10688"}],"wp:term":[{"taxonomy":"product_brand","embeddable":true,"href":"https:\/\/www.hybrok.com\/index.php?rest_route=%2Fwp%2Fv2%2Fproduct_brand&post=10688"},{"taxonomy":"product_cat","embeddable":true,"href":"https:\/\/www.hybrok.com\/index.php?rest_route=%2Fwp%2Fv2%2Fproduct_cat&post=10688"},{"taxonomy":"product_tag","embeddable":true,"href":"https:\/\/www.hybrok.com\/index.php?rest_route=%2Fwp%2Fv2%2Fproduct_tag&post=10688"}],"curies":[{"name":"wp","href":"https:\/\/api.w.org\/{rel}","templated":true}]}}