{"id":10678,"date":"2026-02-23T14:40:30","date_gmt":"2026-02-23T14:40:30","guid":{"rendered":"https:\/\/www.hybrok.com\/?post_type=product&#038;p=10678"},"modified":"2026-02-23T14:57:45","modified_gmt":"2026-02-23T14:57:45","slug":"hybrok-boitier-ghost-white","status":"publish","type":"product","link":"https:\/\/www.hybrok.com\/?product=hybrok-boitier-ghost-white","title":{"rendered":"HYBROK BOITIER GHOST WHITE"},"content":{"rendered":"<div class=\"wpb-content-wrapper\"><p>[vc_row equal_height=\u00a0\u00bbyes\u00a0\u00bb content_placement=\u00a0\u00bbtop\u00a0\u00bb][vc_column css=\u00a0\u00bb.vc_custom_1635941267568{margin-bottom: 35px !important;padding-right: 30px !important;padding-bottom: 30px !important;padding-left: 30px !important;}\u00a0\u00bb offset=\u00a0\u00bbvc_col-lg-4 vc_col-md-4 vc_col-xs-12&Prime; woodmart_css_id=\u00a0\u00bb61827b8e5abdf\u00a0\u00bb parallax_scroll=\u00a0\u00bbno\u00a0\u00bb woodmart_sticky_column=\u00a0\u00bbfalse\u00a0\u00bb wd_collapsible_content_switcher=\u00a0\u00bbno\u00a0\u00bb mobile_bg_img_hidden=\u00a0\u00bbno\u00a0\u00bb tablet_bg_img_hidden=\u00a0\u00bbno\u00a0\u00bb woodmart_parallax=\u00a0\u00bb0&Prime; woodmart_box_shadow=\u00a0\u00bbno\u00a0\u00bb mobile_reset_margin=\u00a0\u00bbno\u00a0\u00bb tablet_reset_margin=\u00a0\u00bbno\u00a0\u00bb wd_z_index=\u00a0\u00bbno\u00a0\u00bb responsive_spacing=\u00a0\u00bbeyJwYXJhbV90eXBlIjoid29vZG1hcnRfcmVzcG9uc2l2ZV9zcGFjaW5nIiwic2VsZWN0b3JfaWQiOiI2MTgyN2I4ZTVhYmRmIiwic2hvcnRjb2RlIjoidmNfY29sdW1uIiwiZGF0YSI6eyJ0YWJsZXQiOnt9LCJtb2JpbGUiOnt9fX0=\u00a0\u00bb]\t\t\t<link rel=\"stylesheet\" id=\"wd-section-title-css\" href=\"https:\/\/www.hybrok.com\/wp-content\/themes\/woodmart\/css\/parts\/el-section-title.min.css?ver=7.5.1\" type=\"text\/css\" media=\"all\" \/> \t\t\t\t\t\t<link rel=\"stylesheet\" id=\"wd-mod-highlighted-text-css\" href=\"https:\/\/www.hybrok.com\/wp-content\/themes\/woodmart\/css\/parts\/mod-highlighted-text.min.css?ver=7.5.1\" type=\"text\/css\" media=\"all\" \/> \t\t\t\n\t\t<div id=\"wd-699c6748372f8\" class=\"title-wrapper wd-wpb set-mb-s reset-last-child  wd-rs-699c6748372f8 wd-title-color-default wd-title-style-default text-left  wd-underline-colored\">\n\t\t\t\n\t\t\t<div class=\"liner-continer\">\n\t\t\t\t<h4 class=\"woodmart-title-container title  wd-font-weight- wd-fontsize-l\" >HYBROK GHOST WHITE<\/h4>\n\t\t\t\t\t\t\t<\/div>\n\t\t\t\n\t\t\t\n\t\t\t\n\t\t<\/div>\n\t\t\n\t\t<div id=\"wd-699c6737d2b22\" class=\" wd-rs-699c6737d2b22 vc_custom_1771857918445 wd-button-wrapper text-left\"><a href=\"https:\/\/www.hybrok.com\/wp-content\/uploads\/2026\/02\/HYBROK-BOITIER-GHOST-WHITE-.pdf\" title=\"\" target=\"_blank\" class=\"btn btn-scheme-light btn-scheme-hover-light btn-style-default btn-style-rectangle btn-size-default\">Fiche Technique<\/a><\/div>[\/vc_column][vc_column width=\u00a0\u00bb1\/2&Prime; offset=\u00a0\u00bbvc_col-lg-4 vc_col-md-4 vc_col-xs-12&Prime; woodmart_css_id=\u00a0\u00bb61827b8294f87&Prime; parallax_scroll=\u00a0\u00bbno\u00a0\u00bb woodmart_sticky_column=\u00a0\u00bbfalse\u00a0\u00bb wd_collapsible_content_switcher=\u00a0\u00bbno\u00a0\u00bb mobile_bg_img_hidden=\u00a0\u00bbno\u00a0\u00bb tablet_bg_img_hidden=\u00a0\u00bbno\u00a0\u00bb woodmart_parallax=\u00a0\u00bb0&Prime; woodmart_box_shadow=\u00a0\u00bbno\u00a0\u00bb mobile_reset_margin=\u00a0\u00bbno\u00a0\u00bb tablet_reset_margin=\u00a0\u00bbno\u00a0\u00bb wd_z_index=\u00a0\u00bbno\u00a0\u00bb responsive_spacing=\u00a0\u00bbeyJwYXJhbV90eXBlIjoid29vZG1hcnRfcmVzcG9uc2l2ZV9zcGFjaW5nIiwic2VsZWN0b3JfaWQiOiI2MTgyN2I4Mjk0Zjg3Iiwic2hvcnRjb2RlIjoidmNfY29sdW1uIiwiZGF0YSI6eyJ0YWJsZXQiOnt9LCJtb2JpbGUiOnt9fX0=\u00a0\u00bb][vc_single_image image=\u00a0\u00bb10664&Prime; img_size=\u00a0\u00bbfull\u00a0\u00bb css=\u00a0\u00bb.vc_custom_1771854750488{margin-bottom: 0px !important;}\u00a0\u00bb woodmart_inline=\u00a0\u00bbno\u00a0\u00bb parallax_scroll=\u00a0\u00bbno\u00a0\u00bb][\/vc_column][vc_column width=\u00a0\u00bb1\/2&Prime; offset=\u00a0\u00bbvc_col-lg-4 vc_col-md-4 vc_col-xs-12&Prime; woodmart_css_id=\u00a0\u00bb61827b9533868&Prime; parallax_scroll=\u00a0\u00bbno\u00a0\u00bb woodmart_sticky_column=\u00a0\u00bbfalse\u00a0\u00bb wd_collapsible_content_switcher=\u00a0\u00bbno\u00a0\u00bb mobile_bg_img_hidden=\u00a0\u00bbno\u00a0\u00bb tablet_bg_img_hidden=\u00a0\u00bbno\u00a0\u00bb woodmart_parallax=\u00a0\u00bb0&Prime; woodmart_box_shadow=\u00a0\u00bbno\u00a0\u00bb mobile_reset_margin=\u00a0\u00bbno\u00a0\u00bb tablet_reset_margin=\u00a0\u00bbno\u00a0\u00bb wd_z_index=\u00a0\u00bbno\u00a0\u00bb responsive_spacing=\u00a0\u00bbeyJwYXJhbV90eXBlIjoid29vZG1hcnRfcmVzcG9uc2l2ZV9zcGFjaW5nIiwic2VsZWN0b3JfaWQiOiI2MTgyN2I5NTMzODY4Iiwic2hvcnRjb2RlIjoidmNfY29sdW1uIiwiZGF0YSI6eyJ0YWJsZXQiOnt9LCJtb2JpbGUiOnt9fX0=\u00a0\u00bb][vc_single_image image=\u00a0\u00bb10664&Prime; img_size=\u00a0\u00bbfull\u00a0\u00bb css=\u00a0\u00bb.vc_custom_1771854759184{margin-bottom: 0px !important;}\u00a0\u00bb woodmart_inline=\u00a0\u00bbno\u00a0\u00bb parallax_scroll=\u00a0\u00bbno\u00a0\u00bb][\/vc_column][\/vc_row]<\/p>\n<\/div>","protected":false},"excerpt":{"rendered":"<div class=\"page\" title=\"Page 3\">\n<div class=\"section\">\n<div class=\"layoutArea\">\n<div class=\"column\">\n<p>Le\u00a0<strong>HYBROK GHOST WHITE ARGB<\/strong>\u00a0incarne la discr\u00e9tion lumineuse. Ce bo\u00eetier moyen tour blanc, \u00e0 la fois \u00e9l\u00e9gant et fonctionnel, est con\u00e7u pour les passionn\u00e9s qui souhaitent mettre en valeur leurs composants dans un \u00e9crin de puret\u00e9. Son nom \u00ab\u00a0Ghost\u00a0\u00bb \u00e9voque une pr\u00e9sence sobre, mais ses 4 ventilateurs ARGB et son vaste panneau lat\u00e9ral en\u00a0<strong>verre tremp\u00e9<\/strong>\u00a0lui donnent vie en illuminant votre \u00ab\u00a0White Build\u00a0\u00bb de mille feux.<\/p>\n<p class=\"ds-markdown-paragraph\"><strong>Caract\u00e9ristiques techniques :<\/strong><\/p>\n<ul>\n<li class=\"ds-markdown-paragraph\"><strong>Mat\u00e9riaux :<\/strong>\u00a0Plastique ABS, Verre tremp\u00e9, Acier<\/li>\n<li class=\"ds-markdown-paragraph\"><strong>Carte m\u00e8re support\u00e9e :<\/strong>\u00a0Mini-ITX \/ Micro-ATX \/ ATX<\/li>\n<li class=\"ds-markdown-paragraph\"><strong>Ventilateurs inclus :<\/strong>\u00a04 x 120 mm ARGB (3 avant, 1 arri\u00e8re)<\/li>\n<li class=\"ds-markdown-paragraph\"><strong>Emplacements ventilateurs totaux :<\/strong>\u00a0Multiples (avant, dessus, arri\u00e8re, cache-alim)<\/li>\n<li class=\"ds-markdown-paragraph\"><strong>Filtres \u00e0 poussi\u00e8re :<\/strong>\u00a02<\/li>\n<li class=\"ds-markdown-paragraph\"><strong>Connectique fa\u00e7ade :<\/strong>\u00a0USB 3.0 x1, USB 2.0 x1, Audio HD<\/li>\n<li class=\"ds-markdown-paragraph\"><strong>Baies de stockage :<\/strong>\u00a03 x 3,5&Prime; HDD \/ 3 x 2,5&Prime; SSD<\/li>\n<li class=\"ds-markdown-paragraph\"><strong>Longueur max VGA :<\/strong>\u00a0330 mm<\/li>\n<li class=\"ds-markdown-paragraph\"><strong>Hauteur max ventirad CPU :<\/strong>\u00a0170 mm<\/li>\n<li class=\"ds-markdown-paragraph\"><strong>Compatibilit\u00e9 Watercooling :<\/strong>\u00a0120 \/ 240 \/ 280 \/ 360 mm<\/li>\n<li class=\"ds-markdown-paragraph\"><strong>Slots PCI :<\/strong>\u00a07<\/li>\n<li class=\"ds-markdown-paragraph\"><strong>Dimensions (L x P x H) :<\/strong>\u00a0220 x 375 x 445 mm<\/li>\n<li class=\"ds-markdown-paragraph\"><strong>Poids :<\/strong>\u00a04,55 kg<\/li>\n<\/ul>\n<\/div>\n<\/div>\n<\/div>\n<\/div>\n","protected":false},"featured_media":10681,"template":"","meta":[],"product_brand":[],"product_cat":[49],"product_tag":[],"class_list":{"0":"post-10678","1":"product","2":"type-product","3":"status-publish","4":"has-post-thumbnail","6":"product_cat-boitiers","8":"first","9":"instock","10":"shipping-taxable","11":"product-type-simple"},"yoast_head":"<!-- This site is optimized with the Yoast SEO plugin v27.0 - https:\/\/yoast.com\/product\/yoast-seo-wordpress\/ -->\n<title>HYBROK BOITIER GHOST WHITE - hybrok<\/title>\n<meta name=\"description\" content=\"HYBROK RS6 ARGB sera parfait pour quevous puissiez \u00e9laborer une configurationGaming performante. Il est compatibleavec les cartes m\u00e8res ATX et micro-ATX\" \/>\n<meta name=\"robots\" content=\"index, follow, max-snippet:-1, max-image-preview:large, max-video-preview:-1\" \/>\n<link rel=\"canonical\" href=\"https:\/\/www.hybrok.com\/?product=hybrok-boitier-ghost-white\" \/>\n<meta property=\"og:locale\" content=\"fr_FR\" \/>\n<meta property=\"og:type\" content=\"article\" \/>\n<meta property=\"og:title\" content=\"HYBROK BOITIER GHOST WHITE - hybrok\" \/>\n<meta property=\"og:description\" content=\"HYBROK RS6 ARGB sera parfait pour quevous puissiez \u00e9laborer une configurationGaming performante. Il est compatibleavec les cartes m\u00e8res ATX et micro-ATX\" \/>\n<meta property=\"og:url\" content=\"https:\/\/www.hybrok.com\/?product=hybrok-boitier-ghost-white\" \/>\n<meta property=\"og:site_name\" content=\"hybrok\" \/>\n<meta property=\"article:modified_time\" content=\"2026-02-23T14:57:45+00:00\" \/>\n<meta property=\"og:image\" content=\"https:\/\/www.hybrok.com\/wp-content\/uploads\/2026\/02\/HYBROK-GHOS.jpg\" \/>\n\t<meta property=\"og:image:width\" content=\"1024\" \/>\n\t<meta property=\"og:image:height\" content=\"1024\" \/>\n\t<meta property=\"og:image:type\" content=\"image\/jpeg\" \/>\n<meta name=\"twitter:card\" content=\"summary_large_image\" \/>\n<meta name=\"twitter:label1\" content=\"Dur\u00e9e de lecture estim\u00e9e\" \/>\n\t<meta name=\"twitter:data1\" content=\"2 minutes\" \/>\n<script type=\"application\/ld+json\" class=\"yoast-schema-graph\">{\"@context\":\"https:\/\/schema.org\",\"@graph\":[{\"@type\":\"WebPage\",\"@id\":\"https:\/\/www.hybrok.com\/?product=hybrok-boitier-ghost-white\",\"url\":\"https:\/\/www.hybrok.com\/?product=hybrok-boitier-ghost-white\",\"name\":\"HYBROK BOITIER GHOST WHITE - hybrok\",\"isPartOf\":{\"@id\":\"https:\/\/www.hybrok.com\/#website\"},\"primaryImageOfPage\":{\"@id\":\"https:\/\/www.hybrok.com\/?product=hybrok-boitier-ghost-white#primaryimage\"},\"image\":{\"@id\":\"https:\/\/www.hybrok.com\/?product=hybrok-boitier-ghost-white#primaryimage\"},\"thumbnailUrl\":\"https:\/\/www.hybrok.com\/wp-content\/uploads\/2026\/02\/HYBROK-GHOS.jpg\",\"datePublished\":\"2026-02-23T14:40:30+00:00\",\"dateModified\":\"2026-02-23T14:57:45+00:00\",\"description\":\"HYBROK RS6 ARGB sera parfait pour quevous puissiez \u00e9laborer une configurationGaming performante. Il est compatibleavec les cartes m\u00e8res ATX et micro-ATX\",\"breadcrumb\":{\"@id\":\"https:\/\/www.hybrok.com\/?product=hybrok-boitier-ghost-white#breadcrumb\"},\"inLanguage\":\"fr-FR\",\"potentialAction\":[{\"@type\":\"ReadAction\",\"target\":[\"https:\/\/www.hybrok.com\/?product=hybrok-boitier-ghost-white\"]}]},{\"@type\":\"ImageObject\",\"inLanguage\":\"fr-FR\",\"@id\":\"https:\/\/www.hybrok.com\/?product=hybrok-boitier-ghost-white#primaryimage\",\"url\":\"https:\/\/www.hybrok.com\/wp-content\/uploads\/2026\/02\/HYBROK-GHOS.jpg\",\"contentUrl\":\"https:\/\/www.hybrok.com\/wp-content\/uploads\/2026\/02\/HYBROK-GHOS.jpg\",\"width\":1024,\"height\":1024},{\"@type\":\"BreadcrumbList\",\"@id\":\"https:\/\/www.hybrok.com\/?product=hybrok-boitier-ghost-white#breadcrumb\",\"itemListElement\":[{\"@type\":\"ListItem\",\"position\":1,\"name\":\"Accueil\",\"item\":\"https:\/\/www.hybrok.com\/\"},{\"@type\":\"ListItem\",\"position\":2,\"name\":\"Produits\",\"item\":\"https:\/\/www.hybrok.com\/index.php\/shop\/\"},{\"@type\":\"ListItem\",\"position\":3,\"name\":\"HYBROK BOITIER GHOST WHITE\"}]},{\"@type\":\"WebSite\",\"@id\":\"https:\/\/www.hybrok.com\/#website\",\"url\":\"https:\/\/www.hybrok.com\/\",\"name\":\"hybrok\",\"description\":\"D\u00e9cha\u00eene le pouvoir du jeu\",\"publisher\":{\"@id\":\"https:\/\/www.hybrok.com\/#organization\"},\"potentialAction\":[{\"@type\":\"SearchAction\",\"target\":{\"@type\":\"EntryPoint\",\"urlTemplate\":\"https:\/\/www.hybrok.com\/?s={search_term_string}\"},\"query-input\":{\"@type\":\"PropertyValueSpecification\",\"valueRequired\":true,\"valueName\":\"search_term_string\"}}],\"inLanguage\":\"fr-FR\"},{\"@type\":\"Organization\",\"@id\":\"https:\/\/www.hybrok.com\/#organization\",\"name\":\"hybrok\",\"url\":\"https:\/\/www.hybrok.com\/\",\"logo\":{\"@type\":\"ImageObject\",\"inLanguage\":\"fr-FR\",\"@id\":\"https:\/\/www.hybrok.com\/#\/schema\/logo\/image\/\",\"url\":\"https:\/\/www.hybrok.com\/wp-content\/uploads\/2024\/07\/HYBROK-1.jpg\",\"contentUrl\":\"https:\/\/www.hybrok.com\/wp-content\/uploads\/2024\/07\/HYBROK-1.jpg\",\"width\":1200,\"height\":800,\"caption\":\"hybrok\"},\"image\":{\"@id\":\"https:\/\/www.hybrok.com\/#\/schema\/logo\/image\/\"}}]}<\/script>\n<!-- \/ Yoast SEO plugin. -->","yoast_head_json":{"title":"HYBROK BOITIER GHOST WHITE - hybrok","description":"HYBROK RS6 ARGB sera parfait pour quevous puissiez \u00e9laborer une configurationGaming performante. Il est compatibleavec les cartes m\u00e8res ATX et micro-ATX","robots":{"index":"index","follow":"follow","max-snippet":"max-snippet:-1","max-image-preview":"max-image-preview:large","max-video-preview":"max-video-preview:-1"},"canonical":"https:\/\/www.hybrok.com\/?product=hybrok-boitier-ghost-white","og_locale":"fr_FR","og_type":"article","og_title":"HYBROK BOITIER GHOST WHITE - hybrok","og_description":"HYBROK RS6 ARGB sera parfait pour quevous puissiez \u00e9laborer une configurationGaming performante. Il est compatibleavec les cartes m\u00e8res ATX et micro-ATX","og_url":"https:\/\/www.hybrok.com\/?product=hybrok-boitier-ghost-white","og_site_name":"hybrok","article_modified_time":"2026-02-23T14:57:45+00:00","og_image":[{"width":1024,"height":1024,"url":"https:\/\/www.hybrok.com\/wp-content\/uploads\/2026\/02\/HYBROK-GHOS.jpg","type":"image\/jpeg"}],"twitter_card":"summary_large_image","twitter_misc":{"Dur\u00e9e de lecture estim\u00e9e":"2 minutes"},"schema":{"@context":"https:\/\/schema.org","@graph":[{"@type":"WebPage","@id":"https:\/\/www.hybrok.com\/?product=hybrok-boitier-ghost-white","url":"https:\/\/www.hybrok.com\/?product=hybrok-boitier-ghost-white","name":"HYBROK BOITIER GHOST WHITE - hybrok","isPartOf":{"@id":"https:\/\/www.hybrok.com\/#website"},"primaryImageOfPage":{"@id":"https:\/\/www.hybrok.com\/?product=hybrok-boitier-ghost-white#primaryimage"},"image":{"@id":"https:\/\/www.hybrok.com\/?product=hybrok-boitier-ghost-white#primaryimage"},"thumbnailUrl":"https:\/\/www.hybrok.com\/wp-content\/uploads\/2026\/02\/HYBROK-GHOS.jpg","datePublished":"2026-02-23T14:40:30+00:00","dateModified":"2026-02-23T14:57:45+00:00","description":"HYBROK RS6 ARGB sera parfait pour quevous puissiez \u00e9laborer une configurationGaming performante. Il est compatibleavec les cartes m\u00e8res ATX et micro-ATX","breadcrumb":{"@id":"https:\/\/www.hybrok.com\/?product=hybrok-boitier-ghost-white#breadcrumb"},"inLanguage":"fr-FR","potentialAction":[{"@type":"ReadAction","target":["https:\/\/www.hybrok.com\/?product=hybrok-boitier-ghost-white"]}]},{"@type":"ImageObject","inLanguage":"fr-FR","@id":"https:\/\/www.hybrok.com\/?product=hybrok-boitier-ghost-white#primaryimage","url":"https:\/\/www.hybrok.com\/wp-content\/uploads\/2026\/02\/HYBROK-GHOS.jpg","contentUrl":"https:\/\/www.hybrok.com\/wp-content\/uploads\/2026\/02\/HYBROK-GHOS.jpg","width":1024,"height":1024},{"@type":"BreadcrumbList","@id":"https:\/\/www.hybrok.com\/?product=hybrok-boitier-ghost-white#breadcrumb","itemListElement":[{"@type":"ListItem","position":1,"name":"Accueil","item":"https:\/\/www.hybrok.com\/"},{"@type":"ListItem","position":2,"name":"Produits","item":"https:\/\/www.hybrok.com\/index.php\/shop\/"},{"@type":"ListItem","position":3,"name":"HYBROK BOITIER GHOST WHITE"}]},{"@type":"WebSite","@id":"https:\/\/www.hybrok.com\/#website","url":"https:\/\/www.hybrok.com\/","name":"hybrok","description":"D\u00e9cha\u00eene le pouvoir du jeu","publisher":{"@id":"https:\/\/www.hybrok.com\/#organization"},"potentialAction":[{"@type":"SearchAction","target":{"@type":"EntryPoint","urlTemplate":"https:\/\/www.hybrok.com\/?s={search_term_string}"},"query-input":{"@type":"PropertyValueSpecification","valueRequired":true,"valueName":"search_term_string"}}],"inLanguage":"fr-FR"},{"@type":"Organization","@id":"https:\/\/www.hybrok.com\/#organization","name":"hybrok","url":"https:\/\/www.hybrok.com\/","logo":{"@type":"ImageObject","inLanguage":"fr-FR","@id":"https:\/\/www.hybrok.com\/#\/schema\/logo\/image\/","url":"https:\/\/www.hybrok.com\/wp-content\/uploads\/2024\/07\/HYBROK-1.jpg","contentUrl":"https:\/\/www.hybrok.com\/wp-content\/uploads\/2024\/07\/HYBROK-1.jpg","width":1200,"height":800,"caption":"hybrok"},"image":{"@id":"https:\/\/www.hybrok.com\/#\/schema\/logo\/image\/"}}]}},"jetpack_sharing_enabled":true,"_links":{"self":[{"href":"https:\/\/www.hybrok.com\/index.php?rest_route=\/wp\/v2\/product\/10678","targetHints":{"allow":["GET"]}}],"collection":[{"href":"https:\/\/www.hybrok.com\/index.php?rest_route=\/wp\/v2\/product"}],"about":[{"href":"https:\/\/www.hybrok.com\/index.php?rest_route=\/wp\/v2\/types\/product"}],"wp:featuredmedia":[{"embeddable":true,"href":"https:\/\/www.hybrok.com\/index.php?rest_route=\/wp\/v2\/media\/10681"}],"wp:attachment":[{"href":"https:\/\/www.hybrok.com\/index.php?rest_route=%2Fwp%2Fv2%2Fmedia&parent=10678"}],"wp:term":[{"taxonomy":"product_brand","embeddable":true,"href":"https:\/\/www.hybrok.com\/index.php?rest_route=%2Fwp%2Fv2%2Fproduct_brand&post=10678"},{"taxonomy":"product_cat","embeddable":true,"href":"https:\/\/www.hybrok.com\/index.php?rest_route=%2Fwp%2Fv2%2Fproduct_cat&post=10678"},{"taxonomy":"product_tag","embeddable":true,"href":"https:\/\/www.hybrok.com\/index.php?rest_route=%2Fwp%2Fv2%2Fproduct_tag&post=10678"}],"curies":[{"name":"wp","href":"https:\/\/api.w.org\/{rel}","templated":true}]}}