{"id":10652,"date":"2026-02-19T11:36:46","date_gmt":"2026-02-19T11:36:46","guid":{"rendered":"https:\/\/www.hybrok.com\/?post_type=product&#038;p=10652"},"modified":"2026-02-19T11:44:02","modified_gmt":"2026-02-19T11:44:02","slug":"hybrok-hg32qhd","status":"publish","type":"product","link":"https:\/\/www.hybrok.com\/?product=hybrok-hg32qhd","title":{"rendered":"HYBROK HG32QHD"},"content":{"rendered":"<div class=\"wpb-content-wrapper\"><p>[vc_row][vc_column width=\u00a0\u00bb1\/4&Prime;]\t\t\t<link rel=\"stylesheet\" id=\"wd-section-title-css\" href=\"https:\/\/www.hybrok.com\/wp-content\/themes\/woodmart\/css\/parts\/el-section-title.min.css?ver=7.5.1\" type=\"text\/css\" media=\"all\" \/> \t\t\t\t\t\t<link rel=\"stylesheet\" id=\"wd-mod-highlighted-text-css\" href=\"https:\/\/www.hybrok.com\/wp-content\/themes\/woodmart\/css\/parts\/mod-highlighted-text.min.css?ver=7.5.1\" type=\"text\/css\" media=\"all\" \/> \t\t\t\n\t\t<div id=\"wd-6996f60db19f5\" class=\"title-wrapper wd-wpb set-mb-s reset-last-child  wd-rs-6996f60db19f5 wd-title-color-default wd-title-style-default text-left  wd-underline-colored\">\n\t\t\t\n\t\t\t<div class=\"liner-continer\">\n\t\t\t\t<h4 class=\"woodmart-title-container title  wd-font-weight- wd-fontsize-l\" >HYBROK HG32QHD<\/h4>\n\t\t\t\t\t\t\t<\/div>\n\t\t\t\n\t\t\t\n\t\t\t\n\t\t<\/div>\n\t\t\n\t\t<div id=\"wd-6996f601b9c94\" class=\" wd-rs-6996f601b9c94 vc_custom_1771501249843 wd-button-wrapper text-left\"><a href=\"https:\/\/www.hybrok.com\/wp-content\/uploads\/2026\/02\/HYBROK-HG32QHD-.pdf\" title=\"\" target=\"_blank\" class=\"btn btn-scheme-light btn-scheme-hover-light btn-style-default btn-style-rectangle btn-size-default\">Fiche Technique<\/a><\/div>[\/vc_column][vc_column width=\u00a0\u00bb3\/4&Prime;][vc_single_image image=\u00a0\u00bb10656&Prime; img_size=\u00a0\u00bbfull\u00a0\u00bb css=\u00a0\u00bb.vc_custom_1771501625067{margin-bottom: 0px !important;}\u00a0\u00bb woodmart_inline=\u00a0\u00bbno\u00a0\u00bb parallax_scroll=\u00a0\u00bbno\u00a0\u00bb][\/vc_column][\/vc_row]<\/p>\n<\/div>","protected":false},"excerpt":{"rendered":"<div class=\"page\" title=\"Page 3\">\n<div class=\"section\">\n<div class=\"layoutArea\">\n<div class=\"column\">\n<p data-start=\"238\" data-end=\"552\">Profitez d\u2019une exp\u00e9rience gaming immersive avec le <strong data-start=\"201\" data-end=\"219\">HYBROK HG32QHD<\/strong>, un \u00e9cran 32 pouces con\u00e7u pour les joueurs exigeants. Gr\u00e2ce \u00e0 sa r\u00e9solution QHD, sa dalle IPS ultra-rapide et son taux de rafra\u00eechissement jusqu\u2019\u00e0 180Hz, chaque d\u00e9tail est fluide, net et pr\u00e9cis.<\/p>\n<h3 data-start=\"421\" data-end=\"466\">Performances visuelles exceptionnelles<\/h3>\n<ul>\n<li data-start=\"469\" data-end=\"496\">\ud83d\udccf <strong data-start=\"472\" data-end=\"484\">Taille :<\/strong> 32 pouces<\/li>\n<li data-start=\"499\" data-end=\"538\">\ud83d\udda5 <strong data-start=\"502\" data-end=\"518\">R\u00e9solution :<\/strong> QHD (2560 x 1440)<\/li>\n<li data-start=\"541\" data-end=\"561\">\ud83c\udfa8 <strong data-start=\"544\" data-end=\"555\">Dalle :<\/strong> IPS<\/li>\n<li data-start=\"564\" data-end=\"595\">\u26a1 <strong data-start=\"566\" data-end=\"588\">Temps de r\u00e9ponse :<\/strong> 1 ms<\/li>\n<li data-start=\"598\" data-end=\"632\">\ud83d\udd04 <strong data-start=\"601\" data-end=\"616\">Fr\u00e9quence :<\/strong> Jusqu\u2019\u00e0 180Hz<\/li>\n<li data-start=\"635\" data-end=\"666\">\ud83d\udca1 <strong data-start=\"638\" data-end=\"654\">Luminosit\u00e9 :<\/strong> 300 cd\/m\u00b2<\/li>\n<li data-start=\"669\" data-end=\"696\">\ud83c\udfaf <strong data-start=\"672\" data-end=\"687\">Contraste :<\/strong> 1000:1<\/li>\n<li data-start=\"699\" data-end=\"758\">\ud83d\udc40 <strong data-start=\"702\" data-end=\"724\">Angles de vision :<\/strong> 178\u00b0 horizontal \/ 178\u00b0 vertical<\/li>\n<\/ul>\n<p data-start=\"760\" data-end=\"861\">Des couleurs fid\u00e8les, des mouvements ultra-fluides et une immersion totale pour le gaming comp\u00e9titif.<\/p>\n<\/div>\n<\/div>\n<\/div>\n<\/div>\n","protected":false},"featured_media":10654,"template":"","meta":[],"product_brand":[],"product_cat":[33],"product_tag":[],"class_list":{"0":"post-10652","1":"product","2":"type-product","3":"status-publish","4":"has-post-thumbnail","6":"product_cat-moniteurs","8":"first","9":"instock","10":"shipping-taxable","11":"product-type-simple"},"yoast_head":"<!-- This site is optimized with the Yoast SEO plugin v27.0 - https:\/\/yoast.com\/product\/yoast-seo-wordpress\/ -->\n<title>HYBROK HG32QHD - hybrok<\/title>\n<meta name=\"description\" content=\"HYBROK HG32QHD 32\u201d QHD IPS 180Hz, 1ms. \u00c9cran gaming haute performance avec HDMI, DP, VESA et RGB. Fluidit\u00e9 et immersion totale.\" \/>\n<meta name=\"robots\" content=\"index, follow, max-snippet:-1, max-image-preview:large, max-video-preview:-1\" \/>\n<link rel=\"canonical\" href=\"https:\/\/www.hybrok.com\/?product=hybrok-hg32qhd\" \/>\n<meta property=\"og:locale\" content=\"fr_FR\" \/>\n<meta property=\"og:type\" content=\"article\" \/>\n<meta property=\"og:title\" content=\"HYBROK HG32QHD - hybrok\" \/>\n<meta property=\"og:description\" content=\"HYBROK HG32QHD 32\u201d QHD IPS 180Hz, 1ms. \u00c9cran gaming haute performance avec HDMI, DP, VESA et RGB. Fluidit\u00e9 et immersion totale.\" \/>\n<meta property=\"og:url\" content=\"https:\/\/www.hybrok.com\/?product=hybrok-hg32qhd\" \/>\n<meta property=\"og:site_name\" content=\"hybrok\" \/>\n<meta property=\"article:modified_time\" content=\"2026-02-19T11:44:02+00:00\" \/>\n<meta property=\"og:image\" content=\"https:\/\/www.hybrok.com\/wp-content\/uploads\/2026\/02\/HYBROK-HG32QHD.jpg\" \/>\n\t<meta property=\"og:image:width\" content=\"1024\" \/>\n\t<meta property=\"og:image:height\" content=\"1024\" \/>\n\t<meta property=\"og:image:type\" content=\"image\/jpeg\" \/>\n<meta name=\"twitter:card\" content=\"summary_large_image\" \/>\n<meta name=\"twitter:label1\" content=\"Dur\u00e9e de lecture estim\u00e9e\" \/>\n\t<meta name=\"twitter:data1\" content=\"1 minute\" \/>\n<script type=\"application\/ld+json\" class=\"yoast-schema-graph\">{\"@context\":\"https:\/\/schema.org\",\"@graph\":[{\"@type\":\"WebPage\",\"@id\":\"https:\/\/www.hybrok.com\/?product=hybrok-hg32qhd\",\"url\":\"https:\/\/www.hybrok.com\/?product=hybrok-hg32qhd\",\"name\":\"HYBROK HG32QHD - hybrok\",\"isPartOf\":{\"@id\":\"https:\/\/www.hybrok.com\/#website\"},\"primaryImageOfPage\":{\"@id\":\"https:\/\/www.hybrok.com\/?product=hybrok-hg32qhd#primaryimage\"},\"image\":{\"@id\":\"https:\/\/www.hybrok.com\/?product=hybrok-hg32qhd#primaryimage\"},\"thumbnailUrl\":\"https:\/\/www.hybrok.com\/wp-content\/uploads\/2026\/02\/HYBROK-HG32QHD.jpg\",\"datePublished\":\"2026-02-19T11:36:46+00:00\",\"dateModified\":\"2026-02-19T11:44:02+00:00\",\"description\":\"HYBROK HG32QHD 32\u201d QHD IPS 180Hz, 1ms. \u00c9cran gaming haute performance avec HDMI, DP, VESA et RGB. Fluidit\u00e9 et immersion totale.\",\"breadcrumb\":{\"@id\":\"https:\/\/www.hybrok.com\/?product=hybrok-hg32qhd#breadcrumb\"},\"inLanguage\":\"fr-FR\",\"potentialAction\":[{\"@type\":\"ReadAction\",\"target\":[\"https:\/\/www.hybrok.com\/?product=hybrok-hg32qhd\"]}]},{\"@type\":\"ImageObject\",\"inLanguage\":\"fr-FR\",\"@id\":\"https:\/\/www.hybrok.com\/?product=hybrok-hg32qhd#primaryimage\",\"url\":\"https:\/\/www.hybrok.com\/wp-content\/uploads\/2026\/02\/HYBROK-HG32QHD.jpg\",\"contentUrl\":\"https:\/\/www.hybrok.com\/wp-content\/uploads\/2026\/02\/HYBROK-HG32QHD.jpg\",\"width\":1024,\"height\":1024},{\"@type\":\"BreadcrumbList\",\"@id\":\"https:\/\/www.hybrok.com\/?product=hybrok-hg32qhd#breadcrumb\",\"itemListElement\":[{\"@type\":\"ListItem\",\"position\":1,\"name\":\"Accueil\",\"item\":\"https:\/\/www.hybrok.com\/\"},{\"@type\":\"ListItem\",\"position\":2,\"name\":\"Produits\",\"item\":\"https:\/\/www.hybrok.com\/index.php\/shop\/\"},{\"@type\":\"ListItem\",\"position\":3,\"name\":\"HYBROK HG32QHD\"}]},{\"@type\":\"WebSite\",\"@id\":\"https:\/\/www.hybrok.com\/#website\",\"url\":\"https:\/\/www.hybrok.com\/\",\"name\":\"hybrok\",\"description\":\"D\u00e9cha\u00eene le pouvoir du jeu\",\"publisher\":{\"@id\":\"https:\/\/www.hybrok.com\/#organization\"},\"potentialAction\":[{\"@type\":\"SearchAction\",\"target\":{\"@type\":\"EntryPoint\",\"urlTemplate\":\"https:\/\/www.hybrok.com\/?s={search_term_string}\"},\"query-input\":{\"@type\":\"PropertyValueSpecification\",\"valueRequired\":true,\"valueName\":\"search_term_string\"}}],\"inLanguage\":\"fr-FR\"},{\"@type\":\"Organization\",\"@id\":\"https:\/\/www.hybrok.com\/#organization\",\"name\":\"hybrok\",\"url\":\"https:\/\/www.hybrok.com\/\",\"logo\":{\"@type\":\"ImageObject\",\"inLanguage\":\"fr-FR\",\"@id\":\"https:\/\/www.hybrok.com\/#\/schema\/logo\/image\/\",\"url\":\"https:\/\/www.hybrok.com\/wp-content\/uploads\/2024\/07\/HYBROK-1.jpg\",\"contentUrl\":\"https:\/\/www.hybrok.com\/wp-content\/uploads\/2024\/07\/HYBROK-1.jpg\",\"width\":1200,\"height\":800,\"caption\":\"hybrok\"},\"image\":{\"@id\":\"https:\/\/www.hybrok.com\/#\/schema\/logo\/image\/\"}}]}<\/script>\n<!-- \/ Yoast SEO plugin. -->","yoast_head_json":{"title":"HYBROK HG32QHD - hybrok","description":"HYBROK HG32QHD 32\u201d QHD IPS 180Hz, 1ms. \u00c9cran gaming haute performance avec HDMI, DP, VESA et RGB. Fluidit\u00e9 et immersion totale.","robots":{"index":"index","follow":"follow","max-snippet":"max-snippet:-1","max-image-preview":"max-image-preview:large","max-video-preview":"max-video-preview:-1"},"canonical":"https:\/\/www.hybrok.com\/?product=hybrok-hg32qhd","og_locale":"fr_FR","og_type":"article","og_title":"HYBROK HG32QHD - hybrok","og_description":"HYBROK HG32QHD 32\u201d QHD IPS 180Hz, 1ms. \u00c9cran gaming haute performance avec HDMI, DP, VESA et RGB. Fluidit\u00e9 et immersion totale.","og_url":"https:\/\/www.hybrok.com\/?product=hybrok-hg32qhd","og_site_name":"hybrok","article_modified_time":"2026-02-19T11:44:02+00:00","og_image":[{"width":1024,"height":1024,"url":"https:\/\/www.hybrok.com\/wp-content\/uploads\/2026\/02\/HYBROK-HG32QHD.jpg","type":"image\/jpeg"}],"twitter_card":"summary_large_image","twitter_misc":{"Dur\u00e9e de lecture estim\u00e9e":"1 minute"},"schema":{"@context":"https:\/\/schema.org","@graph":[{"@type":"WebPage","@id":"https:\/\/www.hybrok.com\/?product=hybrok-hg32qhd","url":"https:\/\/www.hybrok.com\/?product=hybrok-hg32qhd","name":"HYBROK HG32QHD - hybrok","isPartOf":{"@id":"https:\/\/www.hybrok.com\/#website"},"primaryImageOfPage":{"@id":"https:\/\/www.hybrok.com\/?product=hybrok-hg32qhd#primaryimage"},"image":{"@id":"https:\/\/www.hybrok.com\/?product=hybrok-hg32qhd#primaryimage"},"thumbnailUrl":"https:\/\/www.hybrok.com\/wp-content\/uploads\/2026\/02\/HYBROK-HG32QHD.jpg","datePublished":"2026-02-19T11:36:46+00:00","dateModified":"2026-02-19T11:44:02+00:00","description":"HYBROK HG32QHD 32\u201d QHD IPS 180Hz, 1ms. \u00c9cran gaming haute performance avec HDMI, DP, VESA et RGB. Fluidit\u00e9 et immersion totale.","breadcrumb":{"@id":"https:\/\/www.hybrok.com\/?product=hybrok-hg32qhd#breadcrumb"},"inLanguage":"fr-FR","potentialAction":[{"@type":"ReadAction","target":["https:\/\/www.hybrok.com\/?product=hybrok-hg32qhd"]}]},{"@type":"ImageObject","inLanguage":"fr-FR","@id":"https:\/\/www.hybrok.com\/?product=hybrok-hg32qhd#primaryimage","url":"https:\/\/www.hybrok.com\/wp-content\/uploads\/2026\/02\/HYBROK-HG32QHD.jpg","contentUrl":"https:\/\/www.hybrok.com\/wp-content\/uploads\/2026\/02\/HYBROK-HG32QHD.jpg","width":1024,"height":1024},{"@type":"BreadcrumbList","@id":"https:\/\/www.hybrok.com\/?product=hybrok-hg32qhd#breadcrumb","itemListElement":[{"@type":"ListItem","position":1,"name":"Accueil","item":"https:\/\/www.hybrok.com\/"},{"@type":"ListItem","position":2,"name":"Produits","item":"https:\/\/www.hybrok.com\/index.php\/shop\/"},{"@type":"ListItem","position":3,"name":"HYBROK HG32QHD"}]},{"@type":"WebSite","@id":"https:\/\/www.hybrok.com\/#website","url":"https:\/\/www.hybrok.com\/","name":"hybrok","description":"D\u00e9cha\u00eene le pouvoir du jeu","publisher":{"@id":"https:\/\/www.hybrok.com\/#organization"},"potentialAction":[{"@type":"SearchAction","target":{"@type":"EntryPoint","urlTemplate":"https:\/\/www.hybrok.com\/?s={search_term_string}"},"query-input":{"@type":"PropertyValueSpecification","valueRequired":true,"valueName":"search_term_string"}}],"inLanguage":"fr-FR"},{"@type":"Organization","@id":"https:\/\/www.hybrok.com\/#organization","name":"hybrok","url":"https:\/\/www.hybrok.com\/","logo":{"@type":"ImageObject","inLanguage":"fr-FR","@id":"https:\/\/www.hybrok.com\/#\/schema\/logo\/image\/","url":"https:\/\/www.hybrok.com\/wp-content\/uploads\/2024\/07\/HYBROK-1.jpg","contentUrl":"https:\/\/www.hybrok.com\/wp-content\/uploads\/2024\/07\/HYBROK-1.jpg","width":1200,"height":800,"caption":"hybrok"},"image":{"@id":"https:\/\/www.hybrok.com\/#\/schema\/logo\/image\/"}}]}},"jetpack_sharing_enabled":true,"_links":{"self":[{"href":"https:\/\/www.hybrok.com\/index.php?rest_route=\/wp\/v2\/product\/10652","targetHints":{"allow":["GET"]}}],"collection":[{"href":"https:\/\/www.hybrok.com\/index.php?rest_route=\/wp\/v2\/product"}],"about":[{"href":"https:\/\/www.hybrok.com\/index.php?rest_route=\/wp\/v2\/types\/product"}],"wp:featuredmedia":[{"embeddable":true,"href":"https:\/\/www.hybrok.com\/index.php?rest_route=\/wp\/v2\/media\/10654"}],"wp:attachment":[{"href":"https:\/\/www.hybrok.com\/index.php?rest_route=%2Fwp%2Fv2%2Fmedia&parent=10652"}],"wp:term":[{"taxonomy":"product_brand","embeddable":true,"href":"https:\/\/www.hybrok.com\/index.php?rest_route=%2Fwp%2Fv2%2Fproduct_brand&post=10652"},{"taxonomy":"product_cat","embeddable":true,"href":"https:\/\/www.hybrok.com\/index.php?rest_route=%2Fwp%2Fv2%2Fproduct_cat&post=10652"},{"taxonomy":"product_tag","embeddable":true,"href":"https:\/\/www.hybrok.com\/index.php?rest_route=%2Fwp%2Fv2%2Fproduct_tag&post=10652"}],"curies":[{"name":"wp","href":"https:\/\/api.w.org\/{rel}","templated":true}]}}