{"id":10630,"date":"2026-02-13T10:02:32","date_gmt":"2026-02-13T09:02:32","guid":{"rendered":"https:\/\/www.hybrok.com\/?post_type=product&#038;p=10630"},"modified":"2026-02-13T10:26:44","modified_gmt":"2026-02-13T09:26:44","slug":"hybrok-psu-bronze-750w","status":"publish","type":"product","link":"https:\/\/www.hybrok.com\/?product=hybrok-psu-bronze-750w","title":{"rendered":"HYBROK PSU BRONZE 750W"},"content":{"rendered":"<div class=\"wpb-content-wrapper\"><p>[vc_row equal_height=\u00a0\u00bbyes\u00a0\u00bb content_placement=\u00a0\u00bbtop\u00a0\u00bb][vc_column css=\u00a0\u00bb.vc_custom_1635941267568{margin-bottom: 35px !important;padding-right: 30px !important;padding-bottom: 30px !important;padding-left: 30px !important;}\u00a0\u00bb offset=\u00a0\u00bbvc_col-lg-4 vc_col-md-4 vc_col-xs-12&Prime; woodmart_css_id=\u00a0\u00bb61827b8e5abdf\u00a0\u00bb parallax_scroll=\u00a0\u00bbno\u00a0\u00bb woodmart_sticky_column=\u00a0\u00bbfalse\u00a0\u00bb wd_collapsible_content_switcher=\u00a0\u00bbno\u00a0\u00bb mobile_bg_img_hidden=\u00a0\u00bbno\u00a0\u00bb tablet_bg_img_hidden=\u00a0\u00bbno\u00a0\u00bb woodmart_parallax=\u00a0\u00bb0&Prime; woodmart_box_shadow=\u00a0\u00bbno\u00a0\u00bb mobile_reset_margin=\u00a0\u00bbno\u00a0\u00bb tablet_reset_margin=\u00a0\u00bbno\u00a0\u00bb wd_z_index=\u00a0\u00bbno\u00a0\u00bb responsive_spacing=\u00a0\u00bbeyJwYXJhbV90eXBlIjoid29vZG1hcnRfcmVzcG9uc2l2ZV9zcGFjaW5nIiwic2VsZWN0b3JfaWQiOiI2MTgyN2I4ZTVhYmRmIiwic2hvcnRjb2RlIjoidmNfY29sdW1uIiwiZGF0YSI6eyJ0YWJsZXQiOnt9LCJtb2JpbGUiOnt9fX0=\u00a0\u00bb]\t\t\t<link rel=\"stylesheet\" id=\"wd-section-title-css\" href=\"https:\/\/www.hybrok.com\/wp-content\/themes\/woodmart\/css\/parts\/el-section-title.min.css?ver=7.5.1\" type=\"text\/css\" media=\"all\" \/> \t\t\t\t\t\t<link rel=\"stylesheet\" id=\"wd-mod-highlighted-text-css\" href=\"https:\/\/www.hybrok.com\/wp-content\/themes\/woodmart\/css\/parts\/mod-highlighted-text.min.css?ver=7.5.1\" type=\"text\/css\" media=\"all\" \/> \t\t\t\n\t\t<div id=\"wd-698eeabce93c3\" class=\"title-wrapper wd-wpb set-mb-s reset-last-child  wd-rs-698eeabce93c3 wd-title-color-default wd-title-style-default text-left  wd-underline-colored\">\n\t\t\t\n\t\t\t<div class=\"liner-continer\">\n\t\t\t\t<h4 class=\"woodmart-title-container title  wd-font-weight- wd-fontsize-l\" >Caract\u00e9ristiques Techniques :<\/h4>\n\t\t\t\t\t\t\t<\/div>\n\t\t\t\n\t\t\t\t\t\t\t<div class=\"title-after_title  set-cont-mb-s reset-last-child  wd-fontsize-xs\">Tension d\u2019entr\u00e9e : 200\u2013240V<br \/>\nCourant : 5\u201310A<br \/>\nFr\u00e9quence : 50\u201360Hz<br \/>\nDimensions : 140 \u00d7 150 \u00d7 86 mm<br \/>\nType : Non-Modular<\/div>\n\t\t\t\n\t\t\t\n\t\t<\/div>\n\t\t\n\t\t<div id=\"wd-698eeabacd7bd\" class=\" wd-rs-698eeabacd7bd vc_custom_1770974944371 wd-button-wrapper text-left\"><a href=\"https:\/\/www.hybrok.com\/wp-content\/uploads\/2026\/02\/HYBROK-PSU-750W-BRONZE.pdf\" title=\"\" target=\"_blank\" class=\"btn btn-scheme-light btn-scheme-hover-light btn-style-default btn-style-rectangle btn-size-default\">Fiche Technique<\/a><\/div>[\/vc_column][vc_column width=\u00a0\u00bb1\/2&Prime; offset=\u00a0\u00bbvc_col-lg-4 vc_col-md-4 vc_col-xs-12&Prime; woodmart_css_id=\u00a0\u00bb61827b8294f87&Prime; parallax_scroll=\u00a0\u00bbno\u00a0\u00bb woodmart_sticky_column=\u00a0\u00bbfalse\u00a0\u00bb wd_collapsible_content_switcher=\u00a0\u00bbno\u00a0\u00bb mobile_bg_img_hidden=\u00a0\u00bbno\u00a0\u00bb tablet_bg_img_hidden=\u00a0\u00bbno\u00a0\u00bb woodmart_parallax=\u00a0\u00bb0&Prime; woodmart_box_shadow=\u00a0\u00bbno\u00a0\u00bb mobile_reset_margin=\u00a0\u00bbno\u00a0\u00bb tablet_reset_margin=\u00a0\u00bbno\u00a0\u00bb wd_z_index=\u00a0\u00bbno\u00a0\u00bb responsive_spacing=\u00a0\u00bbeyJwYXJhbV90eXBlIjoid29vZG1hcnRfcmVzcG9uc2l2ZV9zcGFjaW5nIiwic2VsZWN0b3JfaWQiOiI2MTgyN2I4Mjk0Zjg3Iiwic2hvcnRjb2RlIjoidmNfY29sdW1uIiwiZGF0YSI6eyJ0YWJsZXQiOnt9LCJtb2JpbGUiOnt9fX0=\u00a0\u00bb][vc_single_image image=\u00a0\u00bb10631&Prime; img_size=\u00a0\u00bbfull\u00a0\u00bb css=\u00a0\u00bb.vc_custom_1770974090704{margin-bottom: 0px !important;}\u00a0\u00bb woodmart_inline=\u00a0\u00bbno\u00a0\u00bb parallax_scroll=\u00a0\u00bbno\u00a0\u00bb][\/vc_column][vc_column width=\u00a0\u00bb1\/2&Prime; offset=\u00a0\u00bbvc_col-lg-4 vc_col-md-4 vc_col-xs-12&Prime; woodmart_css_id=\u00a0\u00bb61827b9533868&Prime; parallax_scroll=\u00a0\u00bbno\u00a0\u00bb woodmart_sticky_column=\u00a0\u00bbfalse\u00a0\u00bb wd_collapsible_content_switcher=\u00a0\u00bbno\u00a0\u00bb mobile_bg_img_hidden=\u00a0\u00bbno\u00a0\u00bb tablet_bg_img_hidden=\u00a0\u00bbno\u00a0\u00bb woodmart_parallax=\u00a0\u00bb0&Prime; woodmart_box_shadow=\u00a0\u00bbno\u00a0\u00bb mobile_reset_margin=\u00a0\u00bbno\u00a0\u00bb tablet_reset_margin=\u00a0\u00bbno\u00a0\u00bb wd_z_index=\u00a0\u00bbno\u00a0\u00bb responsive_spacing=\u00a0\u00bbeyJwYXJhbV90eXBlIjoid29vZG1hcnRfcmVzcG9uc2l2ZV9zcGFjaW5nIiwic2VsZWN0b3JfaWQiOiI2MTgyN2I5NTMzODY4Iiwic2hvcnRjb2RlIjoidmNfY29sdW1uIiwiZGF0YSI6eyJ0YWJsZXQiOnt9LCJtb2JpbGUiOnt9fX0=\u00a0\u00bb][vc_single_image image=\u00a0\u00bb10631&Prime; img_size=\u00a0\u00bbfull\u00a0\u00bb css=\u00a0\u00bb.vc_custom_1770974098140{margin-bottom: 0px !important;}\u00a0\u00bb woodmart_inline=\u00a0\u00bbno\u00a0\u00bb parallax_scroll=\u00a0\u00bbno\u00a0\u00bb][\/vc_column][\/vc_row]<\/p>\n<\/div>","protected":false},"excerpt":{"rendered":"<div class=\"page\" title=\"Page 3\">\n<div class=\"section\">\n<div class=\"layoutArea\">\n<div class=\"column\">\n<p data-start=\"238\" data-end=\"552\">L\u2019alimentation <strong>HYBROK PSU BRONZE 750W<\/strong> \u00a0est con\u00e7ue pour les configurations gaming et professionnelles recherchant stabilit\u00e9, efficacit\u00e9 \u00e9nerg\u00e9tique et s\u00e9curit\u00e9 avanc\u00e9e. Certifi\u00e9e <strong data-start=\"417\" data-end=\"447\">80 PLUS Bronze (EU Bronze)<\/strong>, elle garantit un rendement optimis\u00e9 jusqu\u2019\u00e0 <strong data-start=\"493\" data-end=\"500\">88%<\/strong>, r\u00e9duisant la consommation d\u2019\u00e9nergie et la chaleur.<\/p>\n<h2 data-start=\"559\" data-end=\"589\">\ud83d\udd25 Performance &amp; Efficacit\u00e9<\/h2>\n<ul>\n<li data-start=\"593\" data-end=\"613\">Puissance : <strong data-start=\"605\" data-end=\"613\">750W<\/strong><\/li>\n<li data-start=\"616\" data-end=\"650\">Certification : <strong data-start=\"632\" data-end=\"650\">80 PLUS Bronze<\/strong><\/li>\n<li data-start=\"653\" data-end=\"664\"><strong>Rendement :<\/strong><\/li>\n<li data-start=\"669\" data-end=\"690\">85% \u00e0 20% de charge<\/li>\n<li data-start=\"695\" data-end=\"716\">88% \u00e0 50% de charge<\/li>\n<li data-start=\"721\" data-end=\"743\">85% \u00e0 100% de charge<\/li>\n<li data-start=\"746\" data-end=\"762\">PFC Actif (APFC)<\/li>\n<li data-start=\"765\" data-end=\"788\">Conforme ErP 2014 Lot 3<\/li>\n<\/ul>\n<p data-start=\"790\" data-end=\"897\">Une alimentation id\u00e9ale pour PC gaming milieu de gamme, stations de travail et configurations polyvalentes.<\/p>\n<\/div>\n<\/div>\n<\/div>\n<\/div>\n","protected":false},"featured_media":10631,"template":"","meta":[],"product_brand":[],"product_cat":[70],"product_tag":[],"class_list":{"0":"post-10630","1":"product","2":"type-product","3":"status-publish","4":"has-post-thumbnail","6":"product_cat-alimentation","8":"first","9":"instock","10":"shipping-taxable","11":"product-type-simple"},"yoast_head":"<!-- This site is optimized with the Yoast SEO plugin v27.0 - https:\/\/yoast.com\/product\/yoast-seo-wordpress\/ -->\n<title>HYBROK PSU BRONZE 750W - hybrok<\/title>\n<meta name=\"robots\" content=\"index, follow, max-snippet:-1, max-image-preview:large, max-video-preview:-1\" \/>\n<link rel=\"canonical\" href=\"https:\/\/www.hybrok.com\/?product=hybrok-psu-bronze-750w\" \/>\n<meta property=\"og:locale\" content=\"fr_FR\" \/>\n<meta property=\"og:type\" content=\"article\" \/>\n<meta property=\"og:title\" content=\"HYBROK PSU BRONZE 750W - hybrok\" \/>\n<meta property=\"og:description\" content=\"L\u2019alimentation HYBROK PSU BRONZE 750W \u00a0est con\u00e7ue pour les configurations gaming et professionnelles recherchant stabilit\u00e9, efficacit\u00e9 \u00e9nerg\u00e9tique et s\u00e9curit\u00e9 avanc\u00e9e. Certifi\u00e9e 80 PLUS Bronze (EU Bronze), elle garantit un rendement optimis\u00e9 jusqu\u2019\u00e0 88%, r\u00e9duisant la consommation d\u2019\u00e9nergie et la chaleur.  \ud83d\udd25 Performance &amp; Efficacit\u00e9   Puissance : 750W  Certification : 80 PLUS Bronze  Rendement :  85% \u00e0 20% de charge  88% \u00e0 50% de charge  85% \u00e0 100% de charge  PFC Actif (APFC)  Conforme ErP 2014 Lot 3  Une alimentation id\u00e9ale pour PC gaming milieu de gamme, stations de travail et configurations polyvalentes.\" \/>\n<meta property=\"og:url\" content=\"https:\/\/www.hybrok.com\/?product=hybrok-psu-bronze-750w\" \/>\n<meta property=\"og:site_name\" content=\"hybrok\" \/>\n<meta property=\"article:modified_time\" content=\"2026-02-13T09:26:44+00:00\" \/>\n<meta property=\"og:image\" content=\"https:\/\/www.hybrok.com\/wp-content\/uploads\/2026\/02\/HYBROK-PSU-BRONZE-750W.jpg\" \/>\n\t<meta property=\"og:image:width\" content=\"1024\" \/>\n\t<meta property=\"og:image:height\" content=\"1024\" \/>\n\t<meta property=\"og:image:type\" content=\"image\/jpeg\" \/>\n<meta name=\"twitter:card\" content=\"summary_large_image\" \/>\n<meta name=\"twitter:label1\" content=\"Dur\u00e9e de lecture estim\u00e9e\" \/>\n\t<meta name=\"twitter:data1\" content=\"2 minutes\" \/>\n<script type=\"application\/ld+json\" class=\"yoast-schema-graph\">{\"@context\":\"https:\/\/schema.org\",\"@graph\":[{\"@type\":\"WebPage\",\"@id\":\"https:\/\/www.hybrok.com\/?product=hybrok-psu-bronze-750w\",\"url\":\"https:\/\/www.hybrok.com\/?product=hybrok-psu-bronze-750w\",\"name\":\"HYBROK PSU BRONZE 750W - hybrok\",\"isPartOf\":{\"@id\":\"https:\/\/www.hybrok.com\/#website\"},\"primaryImageOfPage\":{\"@id\":\"https:\/\/www.hybrok.com\/?product=hybrok-psu-bronze-750w#primaryimage\"},\"image\":{\"@id\":\"https:\/\/www.hybrok.com\/?product=hybrok-psu-bronze-750w#primaryimage\"},\"thumbnailUrl\":\"https:\/\/www.hybrok.com\/wp-content\/uploads\/2026\/02\/HYBROK-PSU-BRONZE-750W.jpg\",\"datePublished\":\"2026-02-13T09:02:32+00:00\",\"dateModified\":\"2026-02-13T09:26:44+00:00\",\"breadcrumb\":{\"@id\":\"https:\/\/www.hybrok.com\/?product=hybrok-psu-bronze-750w#breadcrumb\"},\"inLanguage\":\"fr-FR\",\"potentialAction\":[{\"@type\":\"ReadAction\",\"target\":[\"https:\/\/www.hybrok.com\/?product=hybrok-psu-bronze-750w\"]}]},{\"@type\":\"ImageObject\",\"inLanguage\":\"fr-FR\",\"@id\":\"https:\/\/www.hybrok.com\/?product=hybrok-psu-bronze-750w#primaryimage\",\"url\":\"https:\/\/www.hybrok.com\/wp-content\/uploads\/2026\/02\/HYBROK-PSU-BRONZE-750W.jpg\",\"contentUrl\":\"https:\/\/www.hybrok.com\/wp-content\/uploads\/2026\/02\/HYBROK-PSU-BRONZE-750W.jpg\",\"width\":1024,\"height\":1024},{\"@type\":\"BreadcrumbList\",\"@id\":\"https:\/\/www.hybrok.com\/?product=hybrok-psu-bronze-750w#breadcrumb\",\"itemListElement\":[{\"@type\":\"ListItem\",\"position\":1,\"name\":\"Accueil\",\"item\":\"https:\/\/www.hybrok.com\/\"},{\"@type\":\"ListItem\",\"position\":2,\"name\":\"Produits\",\"item\":\"https:\/\/www.hybrok.com\/index.php\/shop\/\"},{\"@type\":\"ListItem\",\"position\":3,\"name\":\"HYBROK PSU BRONZE 750W\"}]},{\"@type\":\"WebSite\",\"@id\":\"https:\/\/www.hybrok.com\/#website\",\"url\":\"https:\/\/www.hybrok.com\/\",\"name\":\"hybrok\",\"description\":\"D\u00e9cha\u00eene le pouvoir du jeu\",\"publisher\":{\"@id\":\"https:\/\/www.hybrok.com\/#organization\"},\"potentialAction\":[{\"@type\":\"SearchAction\",\"target\":{\"@type\":\"EntryPoint\",\"urlTemplate\":\"https:\/\/www.hybrok.com\/?s={search_term_string}\"},\"query-input\":{\"@type\":\"PropertyValueSpecification\",\"valueRequired\":true,\"valueName\":\"search_term_string\"}}],\"inLanguage\":\"fr-FR\"},{\"@type\":\"Organization\",\"@id\":\"https:\/\/www.hybrok.com\/#organization\",\"name\":\"hybrok\",\"url\":\"https:\/\/www.hybrok.com\/\",\"logo\":{\"@type\":\"ImageObject\",\"inLanguage\":\"fr-FR\",\"@id\":\"https:\/\/www.hybrok.com\/#\/schema\/logo\/image\/\",\"url\":\"https:\/\/www.hybrok.com\/wp-content\/uploads\/2024\/07\/HYBROK-1.jpg\",\"contentUrl\":\"https:\/\/www.hybrok.com\/wp-content\/uploads\/2024\/07\/HYBROK-1.jpg\",\"width\":1200,\"height\":800,\"caption\":\"hybrok\"},\"image\":{\"@id\":\"https:\/\/www.hybrok.com\/#\/schema\/logo\/image\/\"}}]}<\/script>\n<!-- \/ Yoast SEO plugin. -->","yoast_head_json":{"title":"HYBROK PSU BRONZE 750W - hybrok","robots":{"index":"index","follow":"follow","max-snippet":"max-snippet:-1","max-image-preview":"max-image-preview:large","max-video-preview":"max-video-preview:-1"},"canonical":"https:\/\/www.hybrok.com\/?product=hybrok-psu-bronze-750w","og_locale":"fr_FR","og_type":"article","og_title":"HYBROK PSU BRONZE 750W - hybrok","og_description":"L\u2019alimentation HYBROK PSU BRONZE 750W \u00a0est con\u00e7ue pour les configurations gaming et professionnelles recherchant stabilit\u00e9, efficacit\u00e9 \u00e9nerg\u00e9tique et s\u00e9curit\u00e9 avanc\u00e9e. Certifi\u00e9e 80 PLUS Bronze (EU Bronze), elle garantit un rendement optimis\u00e9 jusqu\u2019\u00e0 88%, r\u00e9duisant la consommation d\u2019\u00e9nergie et la chaleur.  \ud83d\udd25 Performance &amp; Efficacit\u00e9   Puissance : 750W  Certification : 80 PLUS Bronze  Rendement :  85% \u00e0 20% de charge  88% \u00e0 50% de charge  85% \u00e0 100% de charge  PFC Actif (APFC)  Conforme ErP 2014 Lot 3  Une alimentation id\u00e9ale pour PC gaming milieu de gamme, stations de travail et configurations polyvalentes.","og_url":"https:\/\/www.hybrok.com\/?product=hybrok-psu-bronze-750w","og_site_name":"hybrok","article_modified_time":"2026-02-13T09:26:44+00:00","og_image":[{"width":1024,"height":1024,"url":"https:\/\/www.hybrok.com\/wp-content\/uploads\/2026\/02\/HYBROK-PSU-BRONZE-750W.jpg","type":"image\/jpeg"}],"twitter_card":"summary_large_image","twitter_misc":{"Dur\u00e9e de lecture estim\u00e9e":"2 minutes"},"schema":{"@context":"https:\/\/schema.org","@graph":[{"@type":"WebPage","@id":"https:\/\/www.hybrok.com\/?product=hybrok-psu-bronze-750w","url":"https:\/\/www.hybrok.com\/?product=hybrok-psu-bronze-750w","name":"HYBROK PSU BRONZE 750W - hybrok","isPartOf":{"@id":"https:\/\/www.hybrok.com\/#website"},"primaryImageOfPage":{"@id":"https:\/\/www.hybrok.com\/?product=hybrok-psu-bronze-750w#primaryimage"},"image":{"@id":"https:\/\/www.hybrok.com\/?product=hybrok-psu-bronze-750w#primaryimage"},"thumbnailUrl":"https:\/\/www.hybrok.com\/wp-content\/uploads\/2026\/02\/HYBROK-PSU-BRONZE-750W.jpg","datePublished":"2026-02-13T09:02:32+00:00","dateModified":"2026-02-13T09:26:44+00:00","breadcrumb":{"@id":"https:\/\/www.hybrok.com\/?product=hybrok-psu-bronze-750w#breadcrumb"},"inLanguage":"fr-FR","potentialAction":[{"@type":"ReadAction","target":["https:\/\/www.hybrok.com\/?product=hybrok-psu-bronze-750w"]}]},{"@type":"ImageObject","inLanguage":"fr-FR","@id":"https:\/\/www.hybrok.com\/?product=hybrok-psu-bronze-750w#primaryimage","url":"https:\/\/www.hybrok.com\/wp-content\/uploads\/2026\/02\/HYBROK-PSU-BRONZE-750W.jpg","contentUrl":"https:\/\/www.hybrok.com\/wp-content\/uploads\/2026\/02\/HYBROK-PSU-BRONZE-750W.jpg","width":1024,"height":1024},{"@type":"BreadcrumbList","@id":"https:\/\/www.hybrok.com\/?product=hybrok-psu-bronze-750w#breadcrumb","itemListElement":[{"@type":"ListItem","position":1,"name":"Accueil","item":"https:\/\/www.hybrok.com\/"},{"@type":"ListItem","position":2,"name":"Produits","item":"https:\/\/www.hybrok.com\/index.php\/shop\/"},{"@type":"ListItem","position":3,"name":"HYBROK PSU BRONZE 750W"}]},{"@type":"WebSite","@id":"https:\/\/www.hybrok.com\/#website","url":"https:\/\/www.hybrok.com\/","name":"hybrok","description":"D\u00e9cha\u00eene le pouvoir du jeu","publisher":{"@id":"https:\/\/www.hybrok.com\/#organization"},"potentialAction":[{"@type":"SearchAction","target":{"@type":"EntryPoint","urlTemplate":"https:\/\/www.hybrok.com\/?s={search_term_string}"},"query-input":{"@type":"PropertyValueSpecification","valueRequired":true,"valueName":"search_term_string"}}],"inLanguage":"fr-FR"},{"@type":"Organization","@id":"https:\/\/www.hybrok.com\/#organization","name":"hybrok","url":"https:\/\/www.hybrok.com\/","logo":{"@type":"ImageObject","inLanguage":"fr-FR","@id":"https:\/\/www.hybrok.com\/#\/schema\/logo\/image\/","url":"https:\/\/www.hybrok.com\/wp-content\/uploads\/2024\/07\/HYBROK-1.jpg","contentUrl":"https:\/\/www.hybrok.com\/wp-content\/uploads\/2024\/07\/HYBROK-1.jpg","width":1200,"height":800,"caption":"hybrok"},"image":{"@id":"https:\/\/www.hybrok.com\/#\/schema\/logo\/image\/"}}]}},"jetpack_sharing_enabled":true,"_links":{"self":[{"href":"https:\/\/www.hybrok.com\/index.php?rest_route=\/wp\/v2\/product\/10630","targetHints":{"allow":["GET"]}}],"collection":[{"href":"https:\/\/www.hybrok.com\/index.php?rest_route=\/wp\/v2\/product"}],"about":[{"href":"https:\/\/www.hybrok.com\/index.php?rest_route=\/wp\/v2\/types\/product"}],"wp:featuredmedia":[{"embeddable":true,"href":"https:\/\/www.hybrok.com\/index.php?rest_route=\/wp\/v2\/media\/10631"}],"wp:attachment":[{"href":"https:\/\/www.hybrok.com\/index.php?rest_route=%2Fwp%2Fv2%2Fmedia&parent=10630"}],"wp:term":[{"taxonomy":"product_brand","embeddable":true,"href":"https:\/\/www.hybrok.com\/index.php?rest_route=%2Fwp%2Fv2%2Fproduct_brand&post=10630"},{"taxonomy":"product_cat","embeddable":true,"href":"https:\/\/www.hybrok.com\/index.php?rest_route=%2Fwp%2Fv2%2Fproduct_cat&post=10630"},{"taxonomy":"product_tag","embeddable":true,"href":"https:\/\/www.hybrok.com\/index.php?rest_route=%2Fwp%2Fv2%2Fproduct_tag&post=10630"}],"curies":[{"name":"wp","href":"https:\/\/api.w.org\/{rel}","templated":true}]}}