{"id":10525,"date":"2026-01-27T15:53:57","date_gmt":"2026-01-27T14:53:57","guid":{"rendered":"https:\/\/hybrok.com\/?post_type=product&#038;p=10525"},"modified":"2026-01-27T16:08:48","modified_gmt":"2026-01-27T15:08:48","slug":"hybrok-silence","status":"publish","type":"product","link":"https:\/\/www.hybrok.com\/?product=hybrok-silence","title":{"rendered":"hybrok silence"},"content":{"rendered":"<div class=\"wpb-content-wrapper\"><p>[vc_row equal_height=\u00a0\u00bbyes\u00a0\u00bb content_placement=\u00a0\u00bbtop\u00a0\u00bb][vc_column css=\u00a0\u00bb.vc_custom_1635941267568{margin-bottom: 35px !important;padding-right: 30px !important;padding-bottom: 30px !important;padding-left: 30px !important;}\u00a0\u00bb offset=\u00a0\u00bbvc_col-lg-4 vc_col-md-4 vc_col-xs-12&Prime; woodmart_css_id=\u00a0\u00bb61827b8e5abdf\u00a0\u00bb parallax_scroll=\u00a0\u00bbno\u00a0\u00bb woodmart_sticky_column=\u00a0\u00bbfalse\u00a0\u00bb wd_collapsible_content_switcher=\u00a0\u00bbno\u00a0\u00bb mobile_bg_img_hidden=\u00a0\u00bbno\u00a0\u00bb tablet_bg_img_hidden=\u00a0\u00bbno\u00a0\u00bb woodmart_parallax=\u00a0\u00bb0&Prime; woodmart_box_shadow=\u00a0\u00bbno\u00a0\u00bb mobile_reset_margin=\u00a0\u00bbno\u00a0\u00bb tablet_reset_margin=\u00a0\u00bbno\u00a0\u00bb wd_z_index=\u00a0\u00bbno\u00a0\u00bb responsive_spacing=\u00a0\u00bbeyJwYXJhbV90eXBlIjoid29vZG1hcnRfcmVzcG9uc2l2ZV9zcGFjaW5nIiwic2VsZWN0b3JfaWQiOiI2MTgyN2I4ZTVhYmRmIiwic2hvcnRjb2RlIjoidmNfY29sdW1uIiwiZGF0YSI6eyJ0YWJsZXQiOnt9LCJtb2JpbGUiOnt9fX0=\u00a0\u00bb]\t\t\t<link rel=\"stylesheet\" id=\"wd-section-title-css\" href=\"https:\/\/www.hybrok.com\/wp-content\/themes\/woodmart\/css\/parts\/el-section-title.min.css?ver=7.5.1\" type=\"text\/css\" media=\"all\" \/> \t\t\t\t\t\t<link rel=\"stylesheet\" id=\"wd-mod-highlighted-text-css\" href=\"https:\/\/www.hybrok.com\/wp-content\/themes\/woodmart\/css\/parts\/mod-highlighted-text.min.css?ver=7.5.1\" type=\"text\/css\" media=\"all\" \/> \t\t\t\n\t\t<div id=\"wd-6978d2601a5e7\" class=\"title-wrapper wd-wpb set-mb-s reset-last-child  wd-rs-6978d2601a5e7 wd-title-color-default wd-title-style-default text-left  wd-underline-colored\">\n\t\t\t\t\t\t\t<div class=\"title-subtitle  subtitle-color-default font-default subtitle-style-default wd-font-weight- wd-fontsize-xs\">Chaise gaming <\/div>\n\t\t\t\n\t\t\t<div class=\"liner-continer\">\n\t\t\t\t<h4 class=\"woodmart-title-container title  wd-font-weight- wd-fontsize-l\" >HYBROK SILENCE<\/h4>\n\t\t\t\t\t\t\t<\/div>\n\t\t\t\n\t\t\t\n\t\t\t\n\t\t<\/div>\n\t\t\n\t\t<div id=\"wd-6978d4bb072fa\" class=\" wd-rs-6978d4bb072fa  wd-button-wrapper text-left\"><a href=\"https:\/\/hybrok.com\/wp-content\/uploads\/2026\/01\/HYBROK-SILENCE-.pdf\" title=\"\" target=\"_blank\" class=\"btn btn-scheme-light btn-scheme-hover-light btn-style-3d btn-style-rectangle btn-size-default\">Fiche Technique<\/a><\/div>[\/vc_column][vc_column width=\u00a0\u00bb1\/2&Prime; offset=\u00a0\u00bbvc_col-lg-4 vc_col-md-4 vc_col-xs-12&Prime; woodmart_css_id=\u00a0\u00bb61827b8294f87&Prime; parallax_scroll=\u00a0\u00bbno\u00a0\u00bb woodmart_sticky_column=\u00a0\u00bbfalse\u00a0\u00bb wd_collapsible_content_switcher=\u00a0\u00bbno\u00a0\u00bb mobile_bg_img_hidden=\u00a0\u00bbno\u00a0\u00bb tablet_bg_img_hidden=\u00a0\u00bbno\u00a0\u00bb woodmart_parallax=\u00a0\u00bb0&Prime; woodmart_box_shadow=\u00a0\u00bbno\u00a0\u00bb mobile_reset_margin=\u00a0\u00bbno\u00a0\u00bb tablet_reset_margin=\u00a0\u00bbno\u00a0\u00bb wd_z_index=\u00a0\u00bbno\u00a0\u00bb responsive_spacing=\u00a0\u00bbeyJwYXJhbV90eXBlIjoid29vZG1hcnRfcmVzcG9uc2l2ZV9zcGFjaW5nIiwic2VsZWN0b3JfaWQiOiI2MTgyN2I4Mjk0Zjg3Iiwic2hvcnRjb2RlIjoidmNfY29sdW1uIiwiZGF0YSI6eyJ0YWJsZXQiOnt9LCJtb2JpbGUiOnt9fX0=\u00a0\u00bb][vc_single_image image=\u00a0\u00bb10514&Prime; img_size=\u00a0\u00bbfull\u00a0\u00bb css=\u00a0\u00bb.vc_custom_1769524169032{margin-bottom: 0px !important;}\u00a0\u00bb woodmart_inline=\u00a0\u00bbno\u00a0\u00bb parallax_scroll=\u00a0\u00bbno\u00a0\u00bb][\/vc_column][vc_column width=\u00a0\u00bb1\/2&Prime; offset=\u00a0\u00bbvc_col-lg-4 vc_col-md-4 vc_col-xs-12&Prime; woodmart_css_id=\u00a0\u00bb61827b9533868&Prime; parallax_scroll=\u00a0\u00bbno\u00a0\u00bb woodmart_sticky_column=\u00a0\u00bbfalse\u00a0\u00bb wd_collapsible_content_switcher=\u00a0\u00bbno\u00a0\u00bb mobile_bg_img_hidden=\u00a0\u00bbno\u00a0\u00bb tablet_bg_img_hidden=\u00a0\u00bbno\u00a0\u00bb woodmart_parallax=\u00a0\u00bb0&Prime; woodmart_box_shadow=\u00a0\u00bbno\u00a0\u00bb mobile_reset_margin=\u00a0\u00bbno\u00a0\u00bb tablet_reset_margin=\u00a0\u00bbno\u00a0\u00bb wd_z_index=\u00a0\u00bbno\u00a0\u00bb responsive_spacing=\u00a0\u00bbeyJwYXJhbV90eXBlIjoid29vZG1hcnRfcmVzcG9uc2l2ZV9zcGFjaW5nIiwic2VsZWN0b3JfaWQiOiI2MTgyN2I5NTMzODY4Iiwic2hvcnRjb2RlIjoidmNfY29sdW1uIiwiZGF0YSI6eyJ0YWJsZXQiOnt9LCJtb2JpbGUiOnt9fX0=\u00a0\u00bb][vc_single_image image=\u00a0\u00bb10512&Prime; img_size=\u00a0\u00bbfull\u00a0\u00bb css=\u00a0\u00bb.vc_custom_1769524193521{margin-bottom: 0px !important;}\u00a0\u00bb woodmart_inline=\u00a0\u00bbno\u00a0\u00bb parallax_scroll=\u00a0\u00bbno\u00a0\u00bb][\/vc_column][\/vc_row]<\/p>\n<\/div>","protected":false},"excerpt":{"rendered":"<p data-start=\"137\" data-end=\"645\"><strong data-start=\"137\" data-end=\"208\">Chaise gaming HYBROK SILENCE \u2013 Confort silencieux et design moderne<\/strong><br data-start=\"208\" data-end=\"211\" \/>La chaise gaming HYBROK SILENCE est con\u00e7ue pour offrir un confort optimal lors de longues sessions. Son rev\u00eatement en cuir PU et su\u00e9dine de haute qualit\u00e9, son dossier inclinable de 90 \u00e0 155\u00b0 et ses accoudoirs 4D assurent une ergonomie parfaite. \u00c9quip\u00e9e de roulettes silencieuses, d\u2019un v\u00e9rin \u00e0 gaz certifi\u00e9 SGS Classe 4 et de coussins r\u00e9glables pour le cou et les lombaires, elle est id\u00e9ale pour le gaming, le bureau et le t\u00e9l\u00e9travail.<\/p>\n","protected":false},"featured_media":10517,"template":"","meta":[],"product_brand":[],"product_cat":[42],"product_tag":[],"class_list":{"0":"post-10525","1":"product","2":"type-product","3":"status-publish","4":"has-post-thumbnail","6":"product_cat-chaise-gaming","8":"first","9":"instock","10":"shipping-taxable","11":"product-type-simple"},"yoast_head":"<!-- This site is optimized with the Yoast SEO plugin v27.0 - https:\/\/yoast.com\/product\/yoast-seo-wordpress\/ -->\n<title>hybrok silence - hybrok<\/title>\n<meta name=\"description\" content=\"Chaise gaming HYBROK SILENCE en cuir PU et su\u00e9dine, accoudoirs 4D, dossier inclinable 90\u2013155\u00b0, roulettes silencieuses et support lombaire.\" \/>\n<meta name=\"robots\" content=\"index, follow, max-snippet:-1, max-image-preview:large, max-video-preview:-1\" \/>\n<link rel=\"canonical\" href=\"https:\/\/www.hybrok.com\/?product=hybrok-silence\" \/>\n<meta property=\"og:locale\" content=\"fr_FR\" \/>\n<meta property=\"og:type\" content=\"article\" \/>\n<meta property=\"og:title\" content=\"hybrok silence - hybrok\" \/>\n<meta property=\"og:description\" content=\"Chaise gaming HYBROK SILENCE en cuir PU et su\u00e9dine, accoudoirs 4D, dossier inclinable 90\u2013155\u00b0, roulettes silencieuses et support lombaire.\" \/>\n<meta property=\"og:url\" content=\"https:\/\/www.hybrok.com\/?product=hybrok-silence\" \/>\n<meta property=\"og:site_name\" content=\"hybrok\" \/>\n<meta property=\"article:modified_time\" content=\"2026-01-27T15:08:48+00:00\" \/>\n<meta property=\"og:image\" content=\"https:\/\/www.hybrok.com\/wp-content\/uploads\/2026\/01\/hybrok-silence.jpg\" \/>\n\t<meta property=\"og:image:width\" content=\"1000\" \/>\n\t<meta property=\"og:image:height\" content=\"1000\" \/>\n\t<meta property=\"og:image:type\" content=\"image\/jpeg\" \/>\n<meta name=\"twitter:card\" content=\"summary_large_image\" \/>\n<meta name=\"twitter:label1\" content=\"Dur\u00e9e de lecture estim\u00e9e\" \/>\n\t<meta name=\"twitter:data1\" content=\"1 minute\" \/>\n<script type=\"application\/ld+json\" class=\"yoast-schema-graph\">{\"@context\":\"https:\/\/schema.org\",\"@graph\":[{\"@type\":\"WebPage\",\"@id\":\"https:\/\/www.hybrok.com\/?product=hybrok-silence\",\"url\":\"https:\/\/www.hybrok.com\/?product=hybrok-silence\",\"name\":\"hybrok silence - hybrok\",\"isPartOf\":{\"@id\":\"https:\/\/www.hybrok.com\/#website\"},\"primaryImageOfPage\":{\"@id\":\"https:\/\/www.hybrok.com\/?product=hybrok-silence#primaryimage\"},\"image\":{\"@id\":\"https:\/\/www.hybrok.com\/?product=hybrok-silence#primaryimage\"},\"thumbnailUrl\":\"https:\/\/www.hybrok.com\/wp-content\/uploads\/2026\/01\/hybrok-silence.jpg\",\"datePublished\":\"2026-01-27T14:53:57+00:00\",\"dateModified\":\"2026-01-27T15:08:48+00:00\",\"description\":\"Chaise gaming HYBROK SILENCE en cuir PU et su\u00e9dine, accoudoirs 4D, dossier inclinable 90\u2013155\u00b0, roulettes silencieuses et support lombaire.\",\"breadcrumb\":{\"@id\":\"https:\/\/www.hybrok.com\/?product=hybrok-silence#breadcrumb\"},\"inLanguage\":\"fr-FR\",\"potentialAction\":[{\"@type\":\"ReadAction\",\"target\":[\"https:\/\/www.hybrok.com\/?product=hybrok-silence\"]}]},{\"@type\":\"ImageObject\",\"inLanguage\":\"fr-FR\",\"@id\":\"https:\/\/www.hybrok.com\/?product=hybrok-silence#primaryimage\",\"url\":\"https:\/\/www.hybrok.com\/wp-content\/uploads\/2026\/01\/hybrok-silence.jpg\",\"contentUrl\":\"https:\/\/www.hybrok.com\/wp-content\/uploads\/2026\/01\/hybrok-silence.jpg\",\"width\":1000,\"height\":1000},{\"@type\":\"BreadcrumbList\",\"@id\":\"https:\/\/www.hybrok.com\/?product=hybrok-silence#breadcrumb\",\"itemListElement\":[{\"@type\":\"ListItem\",\"position\":1,\"name\":\"Accueil\",\"item\":\"https:\/\/www.hybrok.com\/\"},{\"@type\":\"ListItem\",\"position\":2,\"name\":\"Produits\",\"item\":\"https:\/\/www.hybrok.com\/index.php\/shop\/\"},{\"@type\":\"ListItem\",\"position\":3,\"name\":\"hybrok silence\"}]},{\"@type\":\"WebSite\",\"@id\":\"https:\/\/www.hybrok.com\/#website\",\"url\":\"https:\/\/www.hybrok.com\/\",\"name\":\"hybrok\",\"description\":\"D\u00e9cha\u00eene le pouvoir du jeu\",\"publisher\":{\"@id\":\"https:\/\/www.hybrok.com\/#organization\"},\"potentialAction\":[{\"@type\":\"SearchAction\",\"target\":{\"@type\":\"EntryPoint\",\"urlTemplate\":\"https:\/\/www.hybrok.com\/?s={search_term_string}\"},\"query-input\":{\"@type\":\"PropertyValueSpecification\",\"valueRequired\":true,\"valueName\":\"search_term_string\"}}],\"inLanguage\":\"fr-FR\"},{\"@type\":\"Organization\",\"@id\":\"https:\/\/www.hybrok.com\/#organization\",\"name\":\"hybrok\",\"url\":\"https:\/\/www.hybrok.com\/\",\"logo\":{\"@type\":\"ImageObject\",\"inLanguage\":\"fr-FR\",\"@id\":\"https:\/\/www.hybrok.com\/#\/schema\/logo\/image\/\",\"url\":\"https:\/\/www.hybrok.com\/wp-content\/uploads\/2024\/07\/HYBROK-1.jpg\",\"contentUrl\":\"https:\/\/www.hybrok.com\/wp-content\/uploads\/2024\/07\/HYBROK-1.jpg\",\"width\":1200,\"height\":800,\"caption\":\"hybrok\"},\"image\":{\"@id\":\"https:\/\/www.hybrok.com\/#\/schema\/logo\/image\/\"}}]}<\/script>\n<!-- \/ Yoast SEO plugin. -->","yoast_head_json":{"title":"hybrok silence - hybrok","description":"Chaise gaming HYBROK SILENCE en cuir PU et su\u00e9dine, accoudoirs 4D, dossier inclinable 90\u2013155\u00b0, roulettes silencieuses et support lombaire.","robots":{"index":"index","follow":"follow","max-snippet":"max-snippet:-1","max-image-preview":"max-image-preview:large","max-video-preview":"max-video-preview:-1"},"canonical":"https:\/\/www.hybrok.com\/?product=hybrok-silence","og_locale":"fr_FR","og_type":"article","og_title":"hybrok silence - hybrok","og_description":"Chaise gaming HYBROK SILENCE en cuir PU et su\u00e9dine, accoudoirs 4D, dossier inclinable 90\u2013155\u00b0, roulettes silencieuses et support lombaire.","og_url":"https:\/\/www.hybrok.com\/?product=hybrok-silence","og_site_name":"hybrok","article_modified_time":"2026-01-27T15:08:48+00:00","og_image":[{"width":1000,"height":1000,"url":"https:\/\/www.hybrok.com\/wp-content\/uploads\/2026\/01\/hybrok-silence.jpg","type":"image\/jpeg"}],"twitter_card":"summary_large_image","twitter_misc":{"Dur\u00e9e de lecture estim\u00e9e":"1 minute"},"schema":{"@context":"https:\/\/schema.org","@graph":[{"@type":"WebPage","@id":"https:\/\/www.hybrok.com\/?product=hybrok-silence","url":"https:\/\/www.hybrok.com\/?product=hybrok-silence","name":"hybrok silence - hybrok","isPartOf":{"@id":"https:\/\/www.hybrok.com\/#website"},"primaryImageOfPage":{"@id":"https:\/\/www.hybrok.com\/?product=hybrok-silence#primaryimage"},"image":{"@id":"https:\/\/www.hybrok.com\/?product=hybrok-silence#primaryimage"},"thumbnailUrl":"https:\/\/www.hybrok.com\/wp-content\/uploads\/2026\/01\/hybrok-silence.jpg","datePublished":"2026-01-27T14:53:57+00:00","dateModified":"2026-01-27T15:08:48+00:00","description":"Chaise gaming HYBROK SILENCE en cuir PU et su\u00e9dine, accoudoirs 4D, dossier inclinable 90\u2013155\u00b0, roulettes silencieuses et support lombaire.","breadcrumb":{"@id":"https:\/\/www.hybrok.com\/?product=hybrok-silence#breadcrumb"},"inLanguage":"fr-FR","potentialAction":[{"@type":"ReadAction","target":["https:\/\/www.hybrok.com\/?product=hybrok-silence"]}]},{"@type":"ImageObject","inLanguage":"fr-FR","@id":"https:\/\/www.hybrok.com\/?product=hybrok-silence#primaryimage","url":"https:\/\/www.hybrok.com\/wp-content\/uploads\/2026\/01\/hybrok-silence.jpg","contentUrl":"https:\/\/www.hybrok.com\/wp-content\/uploads\/2026\/01\/hybrok-silence.jpg","width":1000,"height":1000},{"@type":"BreadcrumbList","@id":"https:\/\/www.hybrok.com\/?product=hybrok-silence#breadcrumb","itemListElement":[{"@type":"ListItem","position":1,"name":"Accueil","item":"https:\/\/www.hybrok.com\/"},{"@type":"ListItem","position":2,"name":"Produits","item":"https:\/\/www.hybrok.com\/index.php\/shop\/"},{"@type":"ListItem","position":3,"name":"hybrok silence"}]},{"@type":"WebSite","@id":"https:\/\/www.hybrok.com\/#website","url":"https:\/\/www.hybrok.com\/","name":"hybrok","description":"D\u00e9cha\u00eene le pouvoir du jeu","publisher":{"@id":"https:\/\/www.hybrok.com\/#organization"},"potentialAction":[{"@type":"SearchAction","target":{"@type":"EntryPoint","urlTemplate":"https:\/\/www.hybrok.com\/?s={search_term_string}"},"query-input":{"@type":"PropertyValueSpecification","valueRequired":true,"valueName":"search_term_string"}}],"inLanguage":"fr-FR"},{"@type":"Organization","@id":"https:\/\/www.hybrok.com\/#organization","name":"hybrok","url":"https:\/\/www.hybrok.com\/","logo":{"@type":"ImageObject","inLanguage":"fr-FR","@id":"https:\/\/www.hybrok.com\/#\/schema\/logo\/image\/","url":"https:\/\/www.hybrok.com\/wp-content\/uploads\/2024\/07\/HYBROK-1.jpg","contentUrl":"https:\/\/www.hybrok.com\/wp-content\/uploads\/2024\/07\/HYBROK-1.jpg","width":1200,"height":800,"caption":"hybrok"},"image":{"@id":"https:\/\/www.hybrok.com\/#\/schema\/logo\/image\/"}}]}},"jetpack_sharing_enabled":true,"_links":{"self":[{"href":"https:\/\/www.hybrok.com\/index.php?rest_route=\/wp\/v2\/product\/10525","targetHints":{"allow":["GET"]}}],"collection":[{"href":"https:\/\/www.hybrok.com\/index.php?rest_route=\/wp\/v2\/product"}],"about":[{"href":"https:\/\/www.hybrok.com\/index.php?rest_route=\/wp\/v2\/types\/product"}],"wp:featuredmedia":[{"embeddable":true,"href":"https:\/\/www.hybrok.com\/index.php?rest_route=\/wp\/v2\/media\/10517"}],"wp:attachment":[{"href":"https:\/\/www.hybrok.com\/index.php?rest_route=%2Fwp%2Fv2%2Fmedia&parent=10525"}],"wp:term":[{"taxonomy":"product_brand","embeddable":true,"href":"https:\/\/www.hybrok.com\/index.php?rest_route=%2Fwp%2Fv2%2Fproduct_brand&post=10525"},{"taxonomy":"product_cat","embeddable":true,"href":"https:\/\/www.hybrok.com\/index.php?rest_route=%2Fwp%2Fv2%2Fproduct_cat&post=10525"},{"taxonomy":"product_tag","embeddable":true,"href":"https:\/\/www.hybrok.com\/index.php?rest_route=%2Fwp%2Fv2%2Fproduct_tag&post=10525"}],"curies":[{"name":"wp","href":"https:\/\/api.w.org\/{rel}","templated":true}]}}